{"id":105,"date":"2021-03-07T12:04:54","date_gmt":"2021-03-07T11:04:54","guid":{"rendered":"http:\/\/domaine-carriereaudier.fr\/?page_id=105"},"modified":"2023-10-30T09:39:33","modified_gmt":"2023-10-30T08:39:33","slug":"nos-vins","status":"publish","type":"page","link":"https:\/\/domaine-carriereaudier.fr\/en\/nos-vins\/","title":{"rendered":"OUR WINES"},"content":{"rendered":"<div data-elementor-type=\"wp-page\" data-elementor-id=\"105\" class=\"elementor elementor-105\">\n\t\t\t\t\t\t\t\t\t<section class=\"elementor-section elementor-top-section elementor-element elementor-element-3b6dccf elementor-section-boxed elementor-section-height-default elementor-section-height-default\" data-id=\"3b6dccf\" data-element_type=\"section\" data-settings=\"{&quot;_ha_eqh_enable&quot;:false}\">\n\t\t\t\t\t\t<div class=\"elementor-container elementor-column-gap-default\">\n\t\t\t\t\t<div class=\"elementor-column elementor-col-100 elementor-top-column elementor-element elementor-element-5b54886\" data-id=\"5b54886\" data-element_type=\"column\">\n\t\t\t<div class=\"elementor-widget-wrap elementor-element-populated\">\n\t\t\t\t\t\t\t\t<div class=\"elementor-element elementor-element-a21d3d5 elementor-widget elementor-widget-heading\" data-id=\"a21d3d5\" data-element_type=\"widget\" data-widget_type=\"heading.default\">\n\t\t\t\t<div class=\"elementor-widget-container\">\n\t\t\t<h2 class=\"elementor-heading-title elementor-size-default\">OUR WINES<\/h2>\t\t<\/div>\n\t\t\t\t<\/div>\n\t\t\t\t\t<\/div>\n\t\t<\/div>\n\t\t\t\t\t\t\t<\/div>\n\t\t<\/section>\n\t\t\t\t<section class=\"elementor-section elementor-top-section elementor-element elementor-element-206fc8d elementor-section-boxed elementor-section-height-default elementor-section-height-default\" data-id=\"206fc8d\" data-element_type=\"section\" data-settings=\"{&quot;_ha_eqh_enable&quot;:false}\">\n\t\t\t\t\t\t<div class=\"elementor-container elementor-column-gap-default\">\n\t\t\t\t\t<div class=\"elementor-column elementor-col-100 elementor-top-column elementor-element elementor-element-e665cdc\" data-id=\"e665cdc\" data-element_type=\"column\">\n\t\t\t<div class=\"elementor-widget-wrap elementor-element-populated\">\n\t\t\t\t\t\t\t\t<div class=\"elementor-element elementor-element-72b575d elementor-widget elementor-widget-image\" data-id=\"72b575d\" data-element_type=\"widget\" data-widget_type=\"image.default\">\n\t\t\t\t<div class=\"elementor-widget-container\">\n\t\t\t\t\t\t\t\t\t\t\t\t\t\t\t<img decoding=\"async\" src=\"https:\/\/domaine-carriereaudier.fr\/wp-content\/uploads\/elementor\/thumbs\/DSC00275-1-scaled-ph4b4iq5j8hji4tknzib132qkswkwyxt9m75yg6piw.jpg\" title=\"DSC00275\" alt=\"DSC00275\" loading=\"lazy\" \/>\t\t\t\t\t\t\t\t\t\t\t\t\t\t\t<\/div>\n\t\t\t\t<\/div>\n\t\t\t\t\t<\/div>\n\t\t<\/div>\n\t\t\t\t\t\t\t<\/div>\n\t\t<\/section>\n\t\t\t\t<section class=\"elementor-section elementor-top-section elementor-element elementor-element-8940b49 elementor-section-boxed elementor-section-height-default elementor-section-height-default\" data-id=\"8940b49\" data-element_type=\"section\" data-settings=\"{&quot;_ha_eqh_enable&quot;:false}\">\n\t\t\t\t\t\t<div class=\"elementor-container elementor-column-gap-default\">\n\t\t\t\t\t<div class=\"elementor-column elementor-col-100 elementor-top-column elementor-element elementor-element-11fa330\" data-id=\"11fa330\" data-element_type=\"column\">\n\t\t\t<div class=\"elementor-widget-wrap elementor-element-populated\">\n\t\t\t\t\t\t\t\t<div class=\"elementor-element elementor-element-f3bd408 elementor-widget elementor-widget-text-editor\" data-id=\"f3bd408\" data-element_type=\"widget\" data-widget_type=\"text-editor.default\">\n\t\t\t\t<div class=\"elementor-widget-container\">\n\t\t\t\t\t\t\t<p>D\u00c9COUVREZ VITE NOS DIFF\u00c9RENTS VINS<\/p>\t\t\t\t\t\t<\/div>\n\t\t\t\t<\/div>\n\t\t\t\t\t<\/div>\n\t\t<\/div>\n\t\t\t\t\t\t\t<\/div>\n\t\t<\/section>\n\t\t\t\t<section class=\"elementor-section elementor-top-section elementor-element elementor-element-916e5a0 elementor-section-boxed elementor-section-height-default elementor-section-height-default\" data-id=\"916e5a0\" data-element_type=\"section\" data-settings=\"{&quot;_ha_eqh_enable&quot;:false}\">\n\t\t\t\t\t\t<div class=\"elementor-container elementor-column-gap-default\">\n\t\t\t\t\t<div class=\"elementor-column elementor-col-20 elementor-top-column elementor-element elementor-element-084e622\" data-id=\"084e622\" data-element_type=\"column\">\n\t\t\t<div class=\"elementor-widget-wrap elementor-element-populated\">\n\t\t\t\t\t\t\t\t<div class=\"elementor-element elementor-element-14ae733 elementor-widget elementor-widget-image\" data-id=\"14ae733\" data-element_type=\"widget\" data-widget_type=\"image.default\">\n\t\t\t\t<div class=\"elementor-widget-container\">\n\t\t\t\t\t\t\t\t\t\t\t\t<figure class=\"wp-caption\">\n\t\t\t\t\t\t\t\t\t\t\t<a href=\"https:\/\/domaine-carriereaudier.fr\/en\/vins-rouges\/\" target=\"_blank\">\n\t\t\t\t\t\t\t<img fetchpriority=\"high\" decoding=\"async\" width=\"391\" height=\"1024\" src=\"https:\/\/domaine-carriereaudier.fr\/wp-content\/uploads\/2022\/03\/Domaine-Carriere-Audier-10-sur-13-391x1024.png\" class=\"attachment-large size-large wp-image-1910\" alt=\"\" srcset=\"https:\/\/domaine-carriereaudier.fr\/wp-content\/uploads\/2022\/03\/Domaine-Carriere-Audier-10-sur-13-391x1024.png 391w, https:\/\/domaine-carriereaudier.fr\/wp-content\/uploads\/2022\/03\/Domaine-Carriere-Audier-10-sur-13-115x300.png 115w, https:\/\/domaine-carriereaudier.fr\/wp-content\/uploads\/2022\/03\/Domaine-Carriere-Audier-10-sur-13-768x2009.png 768w, https:\/\/domaine-carriereaudier.fr\/wp-content\/uploads\/2022\/03\/Domaine-Carriere-Audier-10-sur-13-587x1536.png 587w, https:\/\/domaine-carriereaudier.fr\/wp-content\/uploads\/2022\/03\/Domaine-Carriere-Audier-10-sur-13-783x2048.png 783w, https:\/\/domaine-carriereaudier.fr\/wp-content\/uploads\/2022\/03\/Domaine-Carriere-Audier-10-sur-13-5x12.png 5w, https:\/\/domaine-carriereaudier.fr\/wp-content\/uploads\/2022\/03\/Domaine-Carriere-Audier-10-sur-13-e1648649929290.png 273w\" sizes=\"(max-width: 391px) 100vw, 391px\" \/>\t\t\t\t\t\t\t\t<\/a>\n\t\t\t\t\t\t\t\t\t\t\t<figcaption class=\"widget-image-caption wp-caption-text\">RED WINES<\/figcaption>\n\t\t\t\t\t\t\t\t\t\t<\/figure>\n\t\t\t\t\t\t\t\t\t<\/div>\n\t\t\t\t<\/div>\n\t\t\t\t\t<\/div>\n\t\t<\/div>\n\t\t\t\t<div class=\"elementor-column elementor-col-20 elementor-top-column elementor-element elementor-element-ba742f1\" data-id=\"ba742f1\" data-element_type=\"column\">\n\t\t\t<div class=\"elementor-widget-wrap elementor-element-populated\">\n\t\t\t\t\t\t\t\t<div class=\"elementor-element elementor-element-2428287 elementor-widget elementor-widget-image\" data-id=\"2428287\" data-element_type=\"widget\" data-widget_type=\"image.default\">\n\t\t\t\t<div class=\"elementor-widget-container\">\n\t\t\t\t\t\t\t\t\t\t\t\t<figure class=\"wp-caption\">\n\t\t\t\t\t\t\t\t\t\t\t<a href=\"https:\/\/domaine-carriereaudier.fr\/en\/vins-blancs\/\">\n\t\t\t\t\t\t\t<img decoding=\"async\" width=\"385\" height=\"1024\" src=\"https:\/\/domaine-carriereaudier.fr\/wp-content\/uploads\/2022\/03\/Domaine-Carriere-Audier-1-sur-13-385x1024.png\" class=\"attachment-large size-large wp-image-1920\" alt=\"\" srcset=\"https:\/\/domaine-carriereaudier.fr\/wp-content\/uploads\/2022\/03\/Domaine-Carriere-Audier-1-sur-13-385x1024.png 385w, https:\/\/domaine-carriereaudier.fr\/wp-content\/uploads\/2022\/03\/Domaine-Carriere-Audier-1-sur-13-113x300.png 113w, https:\/\/domaine-carriereaudier.fr\/wp-content\/uploads\/2022\/03\/Domaine-Carriere-Audier-1-sur-13-768x2041.png 768w, https:\/\/domaine-carriereaudier.fr\/wp-content\/uploads\/2022\/03\/Domaine-Carriere-Audier-1-sur-13-578x1536.png 578w, https:\/\/domaine-carriereaudier.fr\/wp-content\/uploads\/2022\/03\/Domaine-Carriere-Audier-1-sur-13-771x2048.png 771w, https:\/\/domaine-carriereaudier.fr\/wp-content\/uploads\/2022\/03\/Domaine-Carriere-Audier-1-sur-13-5x12.png 5w, https:\/\/domaine-carriereaudier.fr\/wp-content\/uploads\/2022\/03\/Domaine-Carriere-Audier-1-sur-13-e1648652448265.png 269w\" sizes=\"(max-width: 385px) 100vw, 385px\" \/>\t\t\t\t\t\t\t\t<\/a>\n\t\t\t\t\t\t\t\t\t\t\t<figcaption class=\"widget-image-caption wp-caption-text\">WHITE WINES<\/figcaption>\n\t\t\t\t\t\t\t\t\t\t<\/figure>\n\t\t\t\t\t\t\t\t\t<\/div>\n\t\t\t\t<\/div>\n\t\t\t\t\t<\/div>\n\t\t<\/div>\n\t\t\t\t<div class=\"elementor-column elementor-col-20 elementor-top-column elementor-element elementor-element-9d60717\" data-id=\"9d60717\" data-element_type=\"column\">\n\t\t\t<div class=\"elementor-widget-wrap elementor-element-populated\">\n\t\t\t\t\t\t\t\t<div class=\"elementor-element elementor-element-d4d97b6 elementor-widget elementor-widget-image\" data-id=\"d4d97b6\" data-element_type=\"widget\" data-widget_type=\"image.default\">\n\t\t\t\t<div class=\"elementor-widget-container\">\n\t\t\t\t\t\t\t\t\t\t\t\t<figure class=\"wp-caption\">\n\t\t\t\t\t\t\t\t\t\t\t<a href=\"https:\/\/domaine-carriereaudier.fr\/en\/vins-roses\/\">\n\t\t\t\t\t\t\t<img decoding=\"async\" width=\"329\" height=\"1024\" src=\"https:\/\/domaine-carriereaudier.fr\/wp-content\/uploads\/2022\/03\/Domaine-Carriere-Audier-4-sur-13-1-329x1024.png\" class=\"attachment-large size-large wp-image-1930\" alt=\"\" srcset=\"https:\/\/domaine-carriereaudier.fr\/wp-content\/uploads\/2022\/03\/Domaine-Carriere-Audier-4-sur-13-1-329x1024.png 329w, https:\/\/domaine-carriereaudier.fr\/wp-content\/uploads\/2022\/03\/Domaine-Carriere-Audier-4-sur-13-1-96x300.png 96w, https:\/\/domaine-carriereaudier.fr\/wp-content\/uploads\/2022\/03\/Domaine-Carriere-Audier-4-sur-13-1-768x2389.png 768w, https:\/\/domaine-carriereaudier.fr\/wp-content\/uploads\/2022\/03\/Domaine-Carriere-Audier-4-sur-13-1-494x1536.png 494w, https:\/\/domaine-carriereaudier.fr\/wp-content\/uploads\/2022\/03\/Domaine-Carriere-Audier-4-sur-13-1-658x2048.png 658w, https:\/\/domaine-carriereaudier.fr\/wp-content\/uploads\/2022\/03\/Domaine-Carriere-Audier-4-sur-13-1-4x12.png 4w, https:\/\/domaine-carriereaudier.fr\/wp-content\/uploads\/2022\/03\/Domaine-Carriere-Audier-4-sur-13-1-e1648651249776.png 273w\" sizes=\"(max-width: 329px) 100vw, 329px\" \/>\t\t\t\t\t\t\t\t<\/a>\n\t\t\t\t\t\t\t\t\t\t\t<figcaption class=\"widget-image-caption wp-caption-text\">ROSE WINES<\/figcaption>\n\t\t\t\t\t\t\t\t\t\t<\/figure>\n\t\t\t\t\t\t\t\t\t<\/div>\n\t\t\t\t<\/div>\n\t\t\t\t\t<\/div>\n\t\t<\/div>\n\t\t\t\t<div class=\"elementor-column elementor-col-20 elementor-top-column elementor-element elementor-element-8db1893\" data-id=\"8db1893\" data-element_type=\"column\">\n\t\t\t<div class=\"elementor-widget-wrap elementor-element-populated\">\n\t\t\t\t\t\t\t\t<div class=\"elementor-element elementor-element-6fc7d2b elementor-widget elementor-widget-image\" data-id=\"6fc7d2b\" data-element_type=\"widget\" data-widget_type=\"image.default\">\n\t\t\t\t<div class=\"elementor-widget-container\">\n\t\t\t\t\t\t\t\t\t\t\t\t<figure class=\"wp-caption\">\n\t\t\t\t\t\t\t\t\t\t\t<a href=\"https:\/\/domaine-carriereaudier.fr\/en\/muscat\/\">\n\t\t\t\t\t\t\t<img loading=\"lazy\" decoding=\"async\" width=\"369\" height=\"1024\" src=\"https:\/\/domaine-carriereaudier.fr\/wp-content\/uploads\/2022\/03\/Domaine-Carriere-Audier-12-sur-13-1-369x1024.png\" class=\"attachment-large size-large wp-image-1933\" alt=\"\" srcset=\"https:\/\/domaine-carriereaudier.fr\/wp-content\/uploads\/2022\/03\/Domaine-Carriere-Audier-12-sur-13-1-369x1024.png 369w, https:\/\/domaine-carriereaudier.fr\/wp-content\/uploads\/2022\/03\/Domaine-Carriere-Audier-12-sur-13-1-108x300.png 108w, https:\/\/domaine-carriereaudier.fr\/wp-content\/uploads\/2022\/03\/Domaine-Carriere-Audier-12-sur-13-1-768x2133.png 768w, https:\/\/domaine-carriereaudier.fr\/wp-content\/uploads\/2022\/03\/Domaine-Carriere-Audier-12-sur-13-1-553x1536.png 553w, https:\/\/domaine-carriereaudier.fr\/wp-content\/uploads\/2022\/03\/Domaine-Carriere-Audier-12-sur-13-1-738x2048.png 738w, https:\/\/domaine-carriereaudier.fr\/wp-content\/uploads\/2022\/03\/Domaine-Carriere-Audier-12-sur-13-1-4x12.png 4w, https:\/\/domaine-carriereaudier.fr\/wp-content\/uploads\/2022\/03\/Domaine-Carriere-Audier-12-sur-13-1-e1648652202953.png 200w\" sizes=\"(max-width: 369px) 100vw, 369px\" \/>\t\t\t\t\t\t\t\t<\/a>\n\t\t\t\t\t\t\t\t\t\t\t<figcaption class=\"widget-image-caption wp-caption-text\">MUSCAT<\/figcaption>\n\t\t\t\t\t\t\t\t\t\t<\/figure>\n\t\t\t\t\t\t\t\t\t<\/div>\n\t\t\t\t<\/div>\n\t\t\t\t\t<\/div>\n\t\t<\/div>\n\t\t\t\t<div class=\"elementor-column elementor-col-20 elementor-top-column elementor-element elementor-element-0f72d83\" data-id=\"0f72d83\" data-element_type=\"column\">\n\t\t\t<div class=\"elementor-widget-wrap elementor-element-populated\">\n\t\t\t\t\t\t\t\t<div class=\"elementor-element elementor-element-6e3ec87 elementor-widget elementor-widget-image\" data-id=\"6e3ec87\" data-element_type=\"widget\" data-widget_type=\"image.default\">\n\t\t\t\t<div class=\"elementor-widget-container\">\n\t\t\t\t\t\t\t\t\t\t\t\t<figure class=\"wp-caption\">\n\t\t\t\t\t\t\t\t\t\t\t<a href=\"https:\/\/domaine-carriereaudier.fr\/en\/cartagene-2\/\">\n\t\t\t\t\t\t\t<img loading=\"lazy\" decoding=\"async\" width=\"476\" height=\"1024\" src=\"https:\/\/domaine-carriereaudier.fr\/wp-content\/uploads\/2022\/03\/Domaine-Carriere-Audier-13-sur-13-476x1024.png\" class=\"attachment-large size-large wp-image-1937\" alt=\"\" srcset=\"https:\/\/domaine-carriereaudier.fr\/wp-content\/uploads\/2022\/03\/Domaine-Carriere-Audier-13-sur-13-476x1024.png 476w, https:\/\/domaine-carriereaudier.fr\/wp-content\/uploads\/2022\/03\/Domaine-Carriere-Audier-13-sur-13-139x300.png 139w, https:\/\/domaine-carriereaudier.fr\/wp-content\/uploads\/2022\/03\/Domaine-Carriere-Audier-13-sur-13-768x1652.png 768w, https:\/\/domaine-carriereaudier.fr\/wp-content\/uploads\/2022\/03\/Domaine-Carriere-Audier-13-sur-13-714x1536.png 714w, https:\/\/domaine-carriereaudier.fr\/wp-content\/uploads\/2022\/03\/Domaine-Carriere-Audier-13-sur-13-952x2048.png 952w, https:\/\/domaine-carriereaudier.fr\/wp-content\/uploads\/2022\/03\/Domaine-Carriere-Audier-13-sur-13-6x12.png 6w, https:\/\/domaine-carriereaudier.fr\/wp-content\/uploads\/2022\/03\/Domaine-Carriere-Audier-13-sur-13-e1648651712165.png 332w\" sizes=\"(max-width: 476px) 100vw, 476px\" \/>\t\t\t\t\t\t\t\t<\/a>\n\t\t\t\t\t\t\t\t\t\t\t<figcaption class=\"widget-image-caption wp-caption-text\">CARTAG\u00c8NE<\/figcaption>\n\t\t\t\t\t\t\t\t\t\t<\/figure>\n\t\t\t\t\t\t\t\t\t<\/div>\n\t\t\t\t<\/div>\n\t\t\t\t\t<\/div>\n\t\t<\/div>\n\t\t\t\t\t\t\t<\/div>\n\t\t<\/section>\n\t\t\t\t<section class=\"elementor-section elementor-top-section elementor-element elementor-element-a5a8bac elementor-section-boxed elementor-section-height-default elementor-section-height-default\" data-id=\"a5a8bac\" data-element_type=\"section\" data-settings=\"{&quot;_ha_eqh_enable&quot;:false}\">\n\t\t\t\t\t\t<div class=\"elementor-container elementor-column-gap-default\">\n\t\t\t\t\t<div class=\"elementor-column elementor-col-100 elementor-top-column elementor-element elementor-element-57eb212\" data-id=\"57eb212\" data-element_type=\"column\">\n\t\t\t<div class=\"elementor-widget-wrap\">\n\t\t\t\t\t\t\t\t\t<\/div>\n\t\t<\/div>\n\t\t\t\t\t\t\t<\/div>\n\t\t<\/section>\n\t\t\t\t<section class=\"elementor-section elementor-top-section elementor-element elementor-element-0c782bf elementor-section-boxed elementor-section-height-default elementor-section-height-default\" data-id=\"0c782bf\" data-element_type=\"section\" data-settings=\"{&quot;_ha_eqh_enable&quot;:false}\">\n\t\t\t\t\t\t<div class=\"elementor-container elementor-column-gap-default\">\n\t\t\t\t\t<div class=\"elementor-column elementor-col-100 elementor-top-column elementor-element elementor-element-2ca1fc4\" data-id=\"2ca1fc4\" data-element_type=\"column\">\n\t\t\t<div class=\"elementor-widget-wrap elementor-element-populated\">\n\t\t\t\t\t\t\t\t<div class=\"elementor-element elementor-element-84659fc elementor-widget elementor-widget-spacer\" data-id=\"84659fc\" data-element_type=\"widget\" data-widget_type=\"spacer.default\">\n\t\t\t\t<div class=\"elementor-widget-container\">\n\t\t\t\t\t<div class=\"elementor-spacer\">\n\t\t\t<div class=\"elementor-spacer-inner\"><\/div>\n\t\t<\/div>\n\t\t\t\t<\/div>\n\t\t\t\t<\/div>\n\t\t\t\t\t<\/div>\n\t\t<\/div>\n\t\t\t\t\t\t\t<\/div>\n\t\t<\/section>\n\t\t\t\t\t\t\t<\/div>","protected":false},"excerpt":{"rendered":"<p>NOS VINS D\u00c9COUVREZ VITE NOS DIFF\u00c9RENTS VINS VINS ROUGES VINS BLANCS VINS ROS\u00c9S MUSCAT CARTAG\u00c8NE<\/p>","protected":false},"author":1,"featured_media":0,"parent":0,"menu_order":0,"comment_status":"closed","ping_status":"closed","template":"","meta":{"footnotes":""},"class_list":["post-105","page","type-page","status-publish","hentry"],"yoast_head":"<!-- This site is optimized with the Yoast SEO plugin v24.9 - https:\/\/yoast.com\/wordpress\/plugins\/seo\/ -->\n<title>NOS VINS -<\/title>\n<meta name=\"robots\" content=\"index, follow, max-snippet:-1, max-image-preview:large, max-video-preview:-1\" \/>\n<link rel=\"canonical\" href=\"https:\/\/domaine-carriereaudier.fr\/en\/nos-vins\/\" \/>\n<meta property=\"og:locale\" content=\"en_GB\" \/>\n<meta property=\"og:type\" content=\"article\" \/>\n<meta property=\"og:title\" content=\"NOS VINS -\" \/>\n<meta property=\"og:description\" content=\"NOS VINS D\u00c9COUVREZ VITE NOS DIFF\u00c9RENTS VINS VINS ROUGES VINS BLANCS VINS ROS\u00c9S MUSCAT CARTAG\u00c8NE\" \/>\n<meta property=\"og:url\" content=\"https:\/\/domaine-carriereaudier.fr\/en\/nos-vins\/\" \/>\n<meta property=\"article:publisher\" content=\"https:\/\/fr-fr.facebook.com\/pages\/category\/Winery-Vineyard\/Domaine-Carriere-Audier-1050958351756872\/\" \/>\n<meta property=\"article:modified_time\" content=\"2023-10-30T08:39:33+00:00\" \/>\n<meta property=\"og:image\" content=\"https:\/\/domaine-carriereaudier.fr\/wp-content\/uploads\/elementor\/thumbs\/DSC00275-1-scaled-ph4b4iq5j8hji4tknzib132qkswkwyxt9m75yg6piw.jpg\" \/>\n<meta name=\"twitter:label1\" content=\"Estimated reading time\" \/>\n\t<meta name=\"twitter:data1\" content=\"2 minutes\" \/>\n<script type=\"application\/ld+json\" class=\"yoast-schema-graph\">{\"@context\":\"https:\/\/schema.org\",\"@graph\":[{\"@type\":\"WebPage\",\"@id\":\"https:\/\/domaine-carriereaudier.fr\/nos-vins\/\",\"url\":\"https:\/\/domaine-carriereaudier.fr\/nos-vins\/\",\"name\":\"NOS VINS -\",\"isPartOf\":{\"@id\":\"https:\/\/domaine-carriereaudier.fr\/en\/#website\"},\"primaryImageOfPage\":{\"@id\":\"https:\/\/domaine-carriereaudier.fr\/nos-vins\/#primaryimage\"},\"image\":{\"@id\":\"https:\/\/domaine-carriereaudier.fr\/nos-vins\/#primaryimage\"},\"thumbnailUrl\":\"https:\/\/domaine-carriereaudier.fr\/wp-content\/uploads\/elementor\/thumbs\/DSC00275-1-scaled-ph4b4iq5j8hji4tknzib132qkswkwyxt9m75yg6piw.jpg\",\"datePublished\":\"2021-03-07T11:04:54+00:00\",\"dateModified\":\"2023-10-30T08:39:33+00:00\",\"breadcrumb\":{\"@id\":\"https:\/\/domaine-carriereaudier.fr\/nos-vins\/#breadcrumb\"},\"inLanguage\":\"en-GB\",\"potentialAction\":[{\"@type\":\"ReadAction\",\"target\":[\"https:\/\/domaine-carriereaudier.fr\/nos-vins\/\"]}]},{\"@type\":\"ImageObject\",\"inLanguage\":\"en-GB\",\"@id\":\"https:\/\/domaine-carriereaudier.fr\/nos-vins\/#primaryimage\",\"url\":\"https:\/\/domaine-carriereaudier.fr\/wp-content\/uploads\/elementor\/thumbs\/DSC00275-1-scaled-ph4b4iq5j8hji4tknzib132qkswkwyxt9m75yg6piw.jpg\",\"contentUrl\":\"https:\/\/domaine-carriereaudier.fr\/wp-content\/uploads\/elementor\/thumbs\/DSC00275-1-scaled-ph4b4iq5j8hji4tknzib132qkswkwyxt9m75yg6piw.jpg\"},{\"@type\":\"BreadcrumbList\",\"@id\":\"https:\/\/domaine-carriereaudier.fr\/nos-vins\/#breadcrumb\",\"itemListElement\":[{\"@type\":\"ListItem\",\"position\":1,\"name\":\"Accueil\",\"item\":\"https:\/\/domaine-carriereaudier.fr\/\"},{\"@type\":\"ListItem\",\"position\":2,\"name\":\"NOS VINS\"}]},{\"@type\":\"WebSite\",\"@id\":\"https:\/\/domaine-carriereaudier.fr\/en\/#website\",\"url\":\"https:\/\/domaine-carriereaudier.fr\/en\/\",\"name\":\"\",\"description\":\"\",\"publisher\":{\"@id\":\"https:\/\/domaine-carriereaudier.fr\/en\/#organization\"},\"potentialAction\":[{\"@type\":\"SearchAction\",\"target\":{\"@type\":\"EntryPoint\",\"urlTemplate\":\"https:\/\/domaine-carriereaudier.fr\/en\/?s={search_term_string}\"},\"query-input\":{\"@type\":\"PropertyValueSpecification\",\"valueRequired\":true,\"valueName\":\"search_term_string\"}}],\"inLanguage\":\"en-GB\"},{\"@type\":\"Organization\",\"@id\":\"https:\/\/domaine-carriereaudier.fr\/en\/#organization\",\"name\":\"Domaine Carriere Audier\",\"url\":\"https:\/\/domaine-carriereaudier.fr\/en\/\",\"logo\":{\"@type\":\"ImageObject\",\"inLanguage\":\"en-GB\",\"@id\":\"https:\/\/domaine-carriereaudier.fr\/en\/#\/schema\/logo\/image\/\",\"url\":\"https:\/\/domaine-carriereaudier.fr\/wp-content\/uploads\/2021\/03\/Logo-CA-Recupere.jpg\",\"contentUrl\":\"https:\/\/domaine-carriereaudier.fr\/wp-content\/uploads\/2021\/03\/Logo-CA-Recupere.jpg\",\"width\":430,\"height\":512,\"caption\":\"Domaine Carriere Audier\"},\"image\":{\"@id\":\"https:\/\/domaine-carriereaudier.fr\/en\/#\/schema\/logo\/image\/\"},\"sameAs\":[\"https:\/\/fr-fr.facebook.com\/pages\/category\/Winery-Vineyard\/Domaine-Carriere-Audier-1050958351756872\/\",\"https:\/\/www.instagram.com\/domainecarriereaudier\/\"]}]}<\/script>\n<!-- \/ Yoast SEO plugin. -->","yoast_head_json":{"title":"NOS VINS -","robots":{"index":"index","follow":"follow","max-snippet":"max-snippet:-1","max-image-preview":"max-image-preview:large","max-video-preview":"max-video-preview:-1"},"canonical":"https:\/\/domaine-carriereaudier.fr\/en\/nos-vins\/","og_locale":"en_GB","og_type":"article","og_title":"NOS VINS -","og_description":"NOS VINS D\u00c9COUVREZ VITE NOS DIFF\u00c9RENTS VINS VINS ROUGES VINS BLANCS VINS ROS\u00c9S MUSCAT CARTAG\u00c8NE","og_url":"https:\/\/domaine-carriereaudier.fr\/en\/nos-vins\/","article_publisher":"https:\/\/fr-fr.facebook.com\/pages\/category\/Winery-Vineyard\/Domaine-Carriere-Audier-1050958351756872\/","article_modified_time":"2023-10-30T08:39:33+00:00","og_image":[{"url":"https:\/\/domaine-carriereaudier.fr\/wp-content\/uploads\/elementor\/thumbs\/DSC00275-1-scaled-ph4b4iq5j8hji4tknzib132qkswkwyxt9m75yg6piw.jpg","type":"","width":"","height":""}],"twitter_misc":{"Estimated reading time":"2 minutes"},"schema":{"@context":"https:\/\/schema.org","@graph":[{"@type":"WebPage","@id":"https:\/\/domaine-carriereaudier.fr\/nos-vins\/","url":"https:\/\/domaine-carriereaudier.fr\/nos-vins\/","name":"NOS VINS -","isPartOf":{"@id":"https:\/\/domaine-carriereaudier.fr\/en\/#website"},"primaryImageOfPage":{"@id":"https:\/\/domaine-carriereaudier.fr\/nos-vins\/#primaryimage"},"image":{"@id":"https:\/\/domaine-carriereaudier.fr\/nos-vins\/#primaryimage"},"thumbnailUrl":"https:\/\/domaine-carriereaudier.fr\/wp-content\/uploads\/elementor\/thumbs\/DSC00275-1-scaled-ph4b4iq5j8hji4tknzib132qkswkwyxt9m75yg6piw.jpg","datePublished":"2021-03-07T11:04:54+00:00","dateModified":"2023-10-30T08:39:33+00:00","breadcrumb":{"@id":"https:\/\/domaine-carriereaudier.fr\/nos-vins\/#breadcrumb"},"inLanguage":"en-GB","potentialAction":[{"@type":"ReadAction","target":["https:\/\/domaine-carriereaudier.fr\/nos-vins\/"]}]},{"@type":"ImageObject","inLanguage":"en-GB","@id":"https:\/\/domaine-carriereaudier.fr\/nos-vins\/#primaryimage","url":"https:\/\/domaine-carriereaudier.fr\/wp-content\/uploads\/elementor\/thumbs\/DSC00275-1-scaled-ph4b4iq5j8hji4tknzib132qkswkwyxt9m75yg6piw.jpg","contentUrl":"https:\/\/domaine-carriereaudier.fr\/wp-content\/uploads\/elementor\/thumbs\/DSC00275-1-scaled-ph4b4iq5j8hji4tknzib132qkswkwyxt9m75yg6piw.jpg"},{"@type":"BreadcrumbList","@id":"https:\/\/domaine-carriereaudier.fr\/nos-vins\/#breadcrumb","itemListElement":[{"@type":"ListItem","position":1,"name":"Accueil","item":"https:\/\/domaine-carriereaudier.fr\/"},{"@type":"ListItem","position":2,"name":"NOS VINS"}]},{"@type":"WebSite","@id":"https:\/\/domaine-carriereaudier.fr\/en\/#website","url":"https:\/\/domaine-carriereaudier.fr\/en\/","name":"","description":"","publisher":{"@id":"https:\/\/domaine-carriereaudier.fr\/en\/#organization"},"potentialAction":[{"@type":"SearchAction","target":{"@type":"EntryPoint","urlTemplate":"https:\/\/domaine-carriereaudier.fr\/en\/?s={search_term_string}"},"query-input":{"@type":"PropertyValueSpecification","valueRequired":true,"valueName":"search_term_string"}}],"inLanguage":"en-GB"},{"@type":"Organization","@id":"https:\/\/domaine-carriereaudier.fr\/en\/#organization","name":"Domaine Carriere Audier","url":"https:\/\/domaine-carriereaudier.fr\/en\/","logo":{"@type":"ImageObject","inLanguage":"en-GB","@id":"https:\/\/domaine-carriereaudier.fr\/en\/#\/schema\/logo\/image\/","url":"https:\/\/domaine-carriereaudier.fr\/wp-content\/uploads\/2021\/03\/Logo-CA-Recupere.jpg","contentUrl":"https:\/\/domaine-carriereaudier.fr\/wp-content\/uploads\/2021\/03\/Logo-CA-Recupere.jpg","width":430,"height":512,"caption":"Domaine Carriere Audier"},"image":{"@id":"https:\/\/domaine-carriereaudier.fr\/en\/#\/schema\/logo\/image\/"},"sameAs":["https:\/\/fr-fr.facebook.com\/pages\/category\/Winery-Vineyard\/Domaine-Carriere-Audier-1050958351756872\/","https:\/\/www.instagram.com\/domainecarriereaudier\/"]}]}},"_links":{"self":[{"href":"https:\/\/domaine-carriereaudier.fr\/en\/wp-json\/wp\/v2\/pages\/105","targetHints":{"allow":["GET"]}}],"collection":[{"href":"https:\/\/domaine-carriereaudier.fr\/en\/wp-json\/wp\/v2\/pages"}],"about":[{"href":"https:\/\/domaine-carriereaudier.fr\/en\/wp-json\/wp\/v2\/types\/page"}],"author":[{"embeddable":true,"href":"https:\/\/domaine-carriereaudier.fr\/en\/wp-json\/wp\/v2\/users\/1"}],"replies":[{"embeddable":true,"href":"https:\/\/domaine-carriereaudier.fr\/en\/wp-json\/wp\/v2\/comments?post=105"}],"version-history":[{"count":56,"href":"https:\/\/domaine-carriereaudier.fr\/en\/wp-json\/wp\/v2\/pages\/105\/revisions"}],"predecessor-version":[{"id":2047,"href":"https:\/\/domaine-carriereaudier.fr\/en\/wp-json\/wp\/v2\/pages\/105\/revisions\/2047"}],"wp:attachment":[{"href":"https:\/\/domaine-carriereaudier.fr\/en\/wp-json\/wp\/v2\/media?parent=105"}],"curies":[{"name":"wp","href":"https:\/\/api.w.org\/{rel}","templated":true}]}}