{"id":111,"date":"2021-03-07T12:06:45","date_gmt":"2021-03-07T11:06:45","guid":{"rendered":"http:\/\/domaine-carriereaudier.fr\/?page_id=111"},"modified":"2023-01-09T16:20:13","modified_gmt":"2023-01-09T15:20:13","slug":"accueil","status":"publish","type":"page","link":"https:\/\/domaine-carriereaudier.fr\/en\/","title":{"rendered":"HOME"},"content":{"rendered":"<div data-elementor-type=\"wp-page\" data-elementor-id=\"111\" class=\"elementor elementor-111\">\n\t\t\t\t\t\t\t\t\t<section class=\"elementor-section elementor-top-section elementor-element elementor-element-42c323e elementor-section-boxed elementor-section-height-default elementor-section-height-default\" data-id=\"42c323e\" data-element_type=\"section\" data-settings=\"{&quot;_ha_eqh_enable&quot;:false}\">\n\t\t\t\t\t\t<div class=\"elementor-container elementor-column-gap-default\">\n\t\t\t\t\t<div class=\"elementor-column elementor-col-100 elementor-top-column elementor-element elementor-element-d9ed4b4\" data-id=\"d9ed4b4\" data-element_type=\"column\">\n\t\t\t<div class=\"elementor-widget-wrap elementor-element-populated\">\n\t\t\t\t\t\t\t\t<div class=\"elementor-element elementor-element-029aa02 elementor-widget elementor-widget-heading\" data-id=\"029aa02\" data-element_type=\"widget\" data-widget_type=\"heading.default\">\n\t\t\t\t<div class=\"elementor-widget-container\">\n\t\t\t<h1 class=\"elementor-heading-title elementor-size-default\">DOMAINE CARRI\u00c8RE AUDIER<\/h1>\t\t<\/div>\n\t\t\t\t<\/div>\n\t\t\t\t\t<\/div>\n\t\t<\/div>\n\t\t\t\t\t\t\t<\/div>\n\t\t<\/section>\n\t\t\t\t<section class=\"elementor-section elementor-top-section elementor-element elementor-element-ccec77f elementor-section-boxed elementor-section-height-default elementor-section-height-default\" data-id=\"ccec77f\" data-element_type=\"section\" data-settings=\"{&quot;_ha_eqh_enable&quot;:false}\">\n\t\t\t\t\t\t<div class=\"elementor-container elementor-column-gap-default\">\n\t\t\t\t\t<div class=\"elementor-column elementor-col-100 elementor-top-column elementor-element elementor-element-dceb280\" data-id=\"dceb280\" data-element_type=\"column\">\n\t\t\t<div class=\"elementor-widget-wrap elementor-element-populated\">\n\t\t\t\t\t\t\t\t<div class=\"elementor-element elementor-element-0fa8d3e elementor-widget elementor-widget-heading\" data-id=\"0fa8d3e\" data-element_type=\"widget\" data-widget_type=\"heading.default\">\n\t\t\t\t<div class=\"elementor-widget-container\">\n\t\t\t<h2 class=\"elementor-heading-title elementor-size-default\"><i>SUBTLE AND GENEROUS FAMILY WINES<\/i><\/h2>\t\t<\/div>\n\t\t\t\t<\/div>\n\t\t\t\t\t<\/div>\n\t\t<\/div>\n\t\t\t\t\t\t\t<\/div>\n\t\t<\/section>\n\t\t\t\t<section class=\"elementor-section elementor-top-section elementor-element elementor-element-eaafc5f elementor-section-boxed elementor-section-height-default elementor-section-height-default\" data-id=\"eaafc5f\" data-element_type=\"section\" data-settings=\"{&quot;_ha_eqh_enable&quot;:false}\">\n\t\t\t\t\t\t<div class=\"elementor-container elementor-column-gap-default\">\n\t\t\t\t\t<div class=\"elementor-column elementor-col-100 elementor-top-column elementor-element elementor-element-7fc934b\" data-id=\"7fc934b\" data-element_type=\"column\">\n\t\t\t<div class=\"elementor-widget-wrap elementor-element-populated\">\n\t\t\t\t\t\t\t\t<div class=\"elementor-element elementor-element-cafb909 elementor--h-position-center elementor--v-position-middle elementor-arrows-position-inside elementor-pagination-position-inside elementor-widget elementor-widget-slides\" data-id=\"cafb909\" data-element_type=\"widget\" data-settings=\"{&quot;navigation&quot;:&quot;both&quot;,&quot;autoplay&quot;:&quot;yes&quot;,&quot;pause_on_hover&quot;:&quot;yes&quot;,&quot;pause_on_interaction&quot;:&quot;yes&quot;,&quot;autoplay_speed&quot;:5000,&quot;infinite&quot;:&quot;yes&quot;,&quot;transition&quot;:&quot;slide&quot;,&quot;transition_speed&quot;:500}\" data-widget_type=\"slides.default\">\n\t\t\t\t<div class=\"elementor-widget-container\">\n\t\t\t\t\t<div class=\"elementor-swiper\">\n\t\t\t<div class=\"elementor-slides-wrapper elementor-main-swiper swiper-container\" dir=\"ltr\" data-animation=\"fadeInUp\">\n\t\t\t\t<div class=\"swiper-wrapper elementor-slides\">\n\t\t\t\t\t\t\t\t\t\t<div class=\"elementor-repeater-item-cff5072 swiper-slide\"><div class=\"swiper-slide-bg\" role=\"img\"><\/div><div class=\"swiper-slide-inner\" ><div class=\"swiper-slide-contents\"><\/div><\/div><\/div><div class=\"elementor-repeater-item-f8988b9 swiper-slide\"><div class=\"swiper-slide-bg\" role=\"img\"><\/div><div class=\"swiper-slide-inner\" ><div class=\"swiper-slide-contents\"><\/div><\/div><\/div><div class=\"elementor-repeater-item-7e93762 swiper-slide\"><div class=\"swiper-slide-bg\" role=\"img\"><\/div><div class=\"swiper-slide-inner\" ><div class=\"swiper-slide-contents\"><\/div><\/div><\/div><div class=\"elementor-repeater-item-ecd2592 swiper-slide\"><div class=\"swiper-slide-bg\" role=\"img\"><\/div><div class=\"swiper-slide-inner\" ><div class=\"swiper-slide-contents\"><\/div><\/div><\/div><div class=\"elementor-repeater-item-b10f6ad swiper-slide\"><div class=\"swiper-slide-bg\" role=\"img\"><\/div><div class=\"swiper-slide-inner\" ><div class=\"swiper-slide-contents\"><\/div><\/div><\/div>\t\t\t\t<\/div>\n\t\t\t\t\t\t\t\t\t\t\t\t\t\t\t<div class=\"swiper-pagination\"><\/div>\n\t\t\t\t\t\t\t\t\t\t\t\t\t\t\t\t<div class=\"elementor-swiper-button elementor-swiper-button-prev\" role=\"button\" tabindex=\"0\">\n\t\t\t\t\t\t\t<i aria-hidden=\"true\" class=\"eicon-chevron-left\"><\/i>\t\t\t\t\t\t\t<span class=\"elementor-screen-only\">Previous slide<\/span>\n\t\t\t\t\t\t<\/div>\n\t\t\t\t\t\t<div class=\"elementor-swiper-button elementor-swiper-button-next\" role=\"button\" tabindex=\"0\">\n\t\t\t\t\t\t\t<i aria-hidden=\"true\" class=\"eicon-chevron-right\"><\/i>\t\t\t\t\t\t\t<span class=\"elementor-screen-only\">Next slide<\/span>\n\t\t\t\t\t\t<\/div>\n\t\t\t\t\t\t\t\t\t\t\t\t<\/div>\n\t\t<\/div>\n\t\t\t\t<\/div>\n\t\t\t\t<\/div>\n\t\t\t\t\t<\/div>\n\t\t<\/div>\n\t\t\t\t\t\t\t<\/div>\n\t\t<\/section>\n\t\t\t\t<section class=\"elementor-section elementor-top-section elementor-element elementor-element-4106bb9 elementor-section-boxed elementor-section-height-default elementor-section-height-default\" data-id=\"4106bb9\" data-element_type=\"section\" data-settings=\"{&quot;_ha_eqh_enable&quot;:false}\">\n\t\t\t\t\t\t<div class=\"elementor-container elementor-column-gap-default\">\n\t\t\t\t\t<div class=\"elementor-column elementor-col-100 elementor-top-column elementor-element elementor-element-ab50ea3\" data-id=\"ab50ea3\" data-element_type=\"column\">\n\t\t\t<div class=\"elementor-widget-wrap\">\n\t\t\t\t\t\t\t\t\t<\/div>\n\t\t<\/div>\n\t\t\t\t\t\t\t<\/div>\n\t\t<\/section>\n\t\t\t\t<section class=\"elementor-section elementor-top-section elementor-element elementor-element-8a55935 elementor-section-boxed elementor-section-height-default elementor-section-height-default\" data-id=\"8a55935\" data-element_type=\"section\" data-settings=\"{&quot;_ha_eqh_enable&quot;:false}\">\n\t\t\t\t\t\t<div class=\"elementor-container elementor-column-gap-default\">\n\t\t\t\t\t<div class=\"elementor-column elementor-col-100 elementor-top-column elementor-element elementor-element-7bc6c6f\" data-id=\"7bc6c6f\" data-element_type=\"column\">\n\t\t\t<div class=\"elementor-widget-wrap elementor-element-populated\">\n\t\t\t\t\t\t\t\t<div class=\"elementor-element elementor-element-b1f5c20 elementor-widget elementor-widget-text-editor\" data-id=\"b1f5c20\" data-element_type=\"widget\" data-widget_type=\"text-editor.default\">\n\t\t\t\t<div class=\"elementor-widget-container\">\n\t\t\t\t\t\t\t<p><b>Our Cave is open from Monday to Saturday from 9 am to Midday and from 2 pm to 7 pm and open Sundays from April 1 to October 31.<\/b><\/p><p>\u00a0<\/p>\t\t\t\t\t\t<\/div>\n\t\t\t\t<\/div>\n\t\t\t\t\t<\/div>\n\t\t<\/div>\n\t\t\t\t\t\t\t<\/div>\n\t\t<\/section>\n\t\t\t\t<section class=\"elementor-section elementor-top-section elementor-element elementor-element-fb79fd7 elementor-section-boxed elementor-section-height-default elementor-section-height-default\" data-id=\"fb79fd7\" data-element_type=\"section\" data-settings=\"{&quot;_ha_eqh_enable&quot;:false}\">\n\t\t\t\t\t\t<div class=\"elementor-container elementor-column-gap-default\">\n\t\t\t\t\t<div class=\"elementor-column elementor-col-33 elementor-top-column elementor-element elementor-element-0486c6c\" data-id=\"0486c6c\" data-element_type=\"column\">\n\t\t\t<div class=\"elementor-widget-wrap elementor-element-populated\">\n\t\t\t\t\t\t\t\t<div class=\"elementor-element elementor-element-f018001 elementor-widget elementor-widget-image\" data-id=\"f018001\" data-element_type=\"widget\" data-widget_type=\"image.default\">\n\t\t\t\t<div class=\"elementor-widget-container\">\n\t\t\t\t\t\t\t\t\t\t\t\t\t\t\t\t<a href=\"https:\/\/domaine-carriereaudier.fr\/wp-content\/uploads\/2021\/03\/IMG_2138.jpg\" target=\"_blank\">\n\t\t\t\t\t\t\t<img fetchpriority=\"high\" decoding=\"async\" width=\"800\" height=\"600\" src=\"https:\/\/domaine-carriereaudier.fr\/wp-content\/uploads\/2021\/03\/IMG_2138-1024x768.jpg\" class=\"attachment-large size-large wp-image-994\" alt=\"\" srcset=\"https:\/\/domaine-carriereaudier.fr\/wp-content\/uploads\/2021\/03\/IMG_2138-1024x768.jpg 1024w, https:\/\/domaine-carriereaudier.fr\/wp-content\/uploads\/2021\/03\/IMG_2138-300x225.jpg 300w, https:\/\/domaine-carriereaudier.fr\/wp-content\/uploads\/2021\/03\/IMG_2138-768x576.jpg 768w, https:\/\/domaine-carriereaudier.fr\/wp-content\/uploads\/2021\/03\/IMG_2138-16x12.jpg 16w, https:\/\/domaine-carriereaudier.fr\/wp-content\/uploads\/2021\/03\/IMG_2138.jpg 1280w\" sizes=\"(max-width: 800px) 100vw, 800px\" \/>\t\t\t\t\t\t\t\t<\/a>\n\t\t\t\t\t\t\t\t\t\t\t\t\t\t\t<\/div>\n\t\t\t\t<\/div>\n\t\t\t\t\t<\/div>\n\t\t<\/div>\n\t\t\t\t<div class=\"elementor-column elementor-col-33 elementor-top-column elementor-element elementor-element-e02b74a\" data-id=\"e02b74a\" data-element_type=\"column\">\n\t\t\t<div class=\"elementor-widget-wrap elementor-element-populated\">\n\t\t\t\t\t\t\t\t<div class=\"elementor-element elementor-element-ce4790b elementor-widget elementor-widget-image\" data-id=\"ce4790b\" data-element_type=\"widget\" data-widget_type=\"image.default\">\n\t\t\t\t<div class=\"elementor-widget-container\">\n\t\t\t\t\t\t\t\t\t\t\t\t\t\t\t\t<a href=\"https:\/\/domaine-carriereaudier.fr\/wp-content\/uploads\/2021\/03\/IMG_2140.jpg\" target=\"_blank\">\n\t\t\t\t\t\t\t<img decoding=\"async\" width=\"800\" height=\"600\" src=\"https:\/\/domaine-carriereaudier.fr\/wp-content\/uploads\/2021\/03\/IMG_2140-1024x768.jpg\" class=\"attachment-large size-large wp-image-995\" alt=\"\" srcset=\"https:\/\/domaine-carriereaudier.fr\/wp-content\/uploads\/2021\/03\/IMG_2140-1024x768.jpg 1024w, https:\/\/domaine-carriereaudier.fr\/wp-content\/uploads\/2021\/03\/IMG_2140-300x225.jpg 300w, https:\/\/domaine-carriereaudier.fr\/wp-content\/uploads\/2021\/03\/IMG_2140-768x576.jpg 768w, https:\/\/domaine-carriereaudier.fr\/wp-content\/uploads\/2021\/03\/IMG_2140-16x12.jpg 16w, https:\/\/domaine-carriereaudier.fr\/wp-content\/uploads\/2021\/03\/IMG_2140.jpg 1280w\" sizes=\"(max-width: 800px) 100vw, 800px\" \/>\t\t\t\t\t\t\t\t<\/a>\n\t\t\t\t\t\t\t\t\t\t\t\t\t\t\t<\/div>\n\t\t\t\t<\/div>\n\t\t\t\t\t<\/div>\n\t\t<\/div>\n\t\t\t\t<div class=\"elementor-column elementor-col-33 elementor-top-column elementor-element elementor-element-b9a3832\" data-id=\"b9a3832\" data-element_type=\"column\">\n\t\t\t<div class=\"elementor-widget-wrap elementor-element-populated\">\n\t\t\t\t\t\t\t\t<div class=\"elementor-element elementor-element-b216c15 elementor-widget elementor-widget-image\" data-id=\"b216c15\" data-element_type=\"widget\" data-widget_type=\"image.default\">\n\t\t\t\t<div class=\"elementor-widget-container\">\n\t\t\t\t\t\t\t\t\t\t\t\t\t\t\t\t<a href=\"https:\/\/domaine-carriereaudier.fr\/wp-content\/uploads\/2021\/03\/IMG_2144.jpg\" target=\"_blank\">\n\t\t\t\t\t\t\t<img decoding=\"async\" src=\"https:\/\/domaine-carriereaudier.fr\/wp-content\/uploads\/elementor\/thumbs\/Domaine-Carriere-Audier-9-sur-17-q0ewdd6yfmjbsei4snxbmf491o0a6paa9u5y3n883w.jpg\" title=\"Domaine Carri\u00e8re Audier (9 sur 17)\" alt=\"Domaine Carri\u00e8re Audier (9 sur 17)\" loading=\"lazy\" \/>\t\t\t\t\t\t\t\t<\/a>\n\t\t\t\t\t\t\t\t\t\t\t\t\t\t\t<\/div>\n\t\t\t\t<\/div>\n\t\t\t\t\t<\/div>\n\t\t<\/div>\n\t\t\t\t\t\t\t<\/div>\n\t\t<\/section>\n\t\t\t\t<section class=\"elementor-section elementor-top-section elementor-element elementor-element-3ff5bf8 elementor-section-boxed elementor-section-height-default elementor-section-height-default\" data-id=\"3ff5bf8\" data-element_type=\"section\" data-settings=\"{&quot;_ha_eqh_enable&quot;:false}\">\n\t\t\t\t\t\t<div class=\"elementor-container elementor-column-gap-default\">\n\t\t\t\t\t<div class=\"elementor-column elementor-col-100 elementor-top-column elementor-element elementor-element-f20f92f\" data-id=\"f20f92f\" data-element_type=\"column\">\n\t\t\t<div class=\"elementor-widget-wrap\">\n\t\t\t\t\t\t\t\t\t<\/div>\n\t\t<\/div>\n\t\t\t\t\t\t\t<\/div>\n\t\t<\/section>\n\t\t\t\t<section class=\"elementor-section elementor-top-section elementor-element elementor-element-b661498 elementor-section-boxed elementor-section-height-default elementor-section-height-default\" data-id=\"b661498\" data-element_type=\"section\" data-settings=\"{&quot;_ha_eqh_enable&quot;:false}\">\n\t\t\t\t\t\t<div class=\"elementor-container elementor-column-gap-default\">\n\t\t\t\t\t<div class=\"elementor-column elementor-col-50 elementor-top-column elementor-element elementor-element-68f44ac\" data-id=\"68f44ac\" data-element_type=\"column\">\n\t\t\t<div class=\"elementor-widget-wrap elementor-element-populated\">\n\t\t\t\t\t\t\t\t<div class=\"elementor-element elementor-element-ae9f748 elementor-widget elementor-widget-image\" data-id=\"ae9f748\" data-element_type=\"widget\" data-widget_type=\"image.default\">\n\t\t\t\t<div class=\"elementor-widget-container\">\n\t\t\t\t\t\t\t\t\t\t\t\t\t\t\t<img decoding=\"async\" src=\"https:\/\/domaine-carriereaudier.fr\/wp-content\/uploads\/elementor\/thumbs\/IMG_0855-scaled-p3ve0fvg6iig9cnaj5p39819ibg03qamlr5qq7gikw.jpg\" title=\"IMG_0855\" alt=\"IMG_0855\" loading=\"lazy\" \/>\t\t\t\t\t\t\t\t\t\t\t\t\t\t\t<\/div>\n\t\t\t\t<\/div>\n\t\t\t\t\t<\/div>\n\t\t<\/div>\n\t\t\t\t<div class=\"elementor-column elementor-col-50 elementor-top-column elementor-element elementor-element-b66849b\" data-id=\"b66849b\" data-element_type=\"column\">\n\t\t\t<div class=\"elementor-widget-wrap elementor-element-populated\">\n\t\t\t\t\t\t\t\t<div class=\"elementor-element elementor-element-68222a7 elementor-widget elementor-widget-image\" data-id=\"68222a7\" data-element_type=\"widget\" data-widget_type=\"image.default\">\n\t\t\t\t<div class=\"elementor-widget-container\">\n\t\t\t\t\t\t\t\t\t\t\t\t\t\t\t<img decoding=\"async\" width=\"800\" height=\"518\" src=\"https:\/\/domaine-carriereaudier.fr\/wp-content\/uploads\/2021\/03\/266-267-Carriere-Audier-1024x663.jpg\" class=\"attachment-large size-large wp-image-173\" alt=\"\" srcset=\"https:\/\/domaine-carriereaudier.fr\/wp-content\/uploads\/2021\/03\/266-267-Carriere-Audier-1024x663.jpg 1024w, https:\/\/domaine-carriereaudier.fr\/wp-content\/uploads\/2021\/03\/266-267-Carriere-Audier-300x194.jpg 300w, https:\/\/domaine-carriereaudier.fr\/wp-content\/uploads\/2021\/03\/266-267-Carriere-Audier-768x497.jpg 768w, https:\/\/domaine-carriereaudier.fr\/wp-content\/uploads\/2021\/03\/266-267-Carriere-Audier-1536x995.jpg 1536w, https:\/\/domaine-carriereaudier.fr\/wp-content\/uploads\/2021\/03\/266-267-Carriere-Audier-2048x1326.jpg 2048w, https:\/\/domaine-carriereaudier.fr\/wp-content\/uploads\/2021\/03\/266-267-Carriere-Audier-16x10.jpg 16w\" sizes=\"(max-width: 800px) 100vw, 800px\" \/>\t\t\t\t\t\t\t\t\t\t\t\t\t\t\t<\/div>\n\t\t\t\t<\/div>\n\t\t\t\t\t<\/div>\n\t\t<\/div>\n\t\t\t\t\t\t\t<\/div>\n\t\t<\/section>\n\t\t\t\t<section class=\"elementor-section elementor-top-section elementor-element elementor-element-1d4e650 elementor-section-boxed elementor-section-height-default elementor-section-height-default\" data-id=\"1d4e650\" data-element_type=\"section\" data-settings=\"{&quot;_ha_eqh_enable&quot;:false}\">\n\t\t\t\t\t\t<div class=\"elementor-container elementor-column-gap-default\">\n\t\t\t\t\t<div class=\"elementor-column elementor-col-100 elementor-top-column elementor-element elementor-element-9b533f1\" data-id=\"9b533f1\" data-element_type=\"column\">\n\t\t\t<div class=\"elementor-widget-wrap\">\n\t\t\t\t\t\t\t\t\t<\/div>\n\t\t<\/div>\n\t\t\t\t\t\t\t<\/div>\n\t\t<\/section>\n\t\t\t\t<section class=\"elementor-section elementor-top-section elementor-element elementor-element-ffd1f07 elementor-section-boxed elementor-section-height-default elementor-section-height-default\" data-id=\"ffd1f07\" data-element_type=\"section\" data-settings=\"{&quot;_ha_eqh_enable&quot;:false}\">\n\t\t\t\t\t\t<div class=\"elementor-container elementor-column-gap-default\">\n\t\t\t\t\t<div class=\"elementor-column elementor-col-100 elementor-top-column elementor-element elementor-element-0f8d07a\" data-id=\"0f8d07a\" data-element_type=\"column\">\n\t\t\t<div class=\"elementor-widget-wrap elementor-element-populated\">\n\t\t\t\t\t\t\t\t<div class=\"elementor-element elementor-element-cb24edc elementor-widget elementor-widget-spacer\" data-id=\"cb24edc\" data-element_type=\"widget\" data-widget_type=\"spacer.default\">\n\t\t\t\t<div class=\"elementor-widget-container\">\n\t\t\t\t\t<div class=\"elementor-spacer\">\n\t\t\t<div class=\"elementor-spacer-inner\"><\/div>\n\t\t<\/div>\n\t\t\t\t<\/div>\n\t\t\t\t<\/div>\n\t\t\t\t\t<\/div>\n\t\t<\/div>\n\t\t\t\t\t\t\t<\/div>\n\t\t<\/section>\n\t\t\t\t\t\t\t<\/div>","protected":false},"excerpt":{"rendered":"<p>DOMAINE CARRI\u00c8RE AUDIER Des vins de famille subtils et g\u00e9n\u00e9reux. Pr\u00e9c\u00e9dent Suivant Notre \u00a0Caveau est ouvert tous les jours du lundi au samedi\u00a0de 9h \u00e0 12h et de 14h \u00e0 19h\u00a0et ouvert les dimanches du 1er Avril au 31 Octobre. \u00a0<\/p>","protected":false},"author":1,"featured_media":0,"parent":0,"menu_order":0,"comment_status":"closed","ping_status":"closed","template":"","meta":{"footnotes":""},"class_list":["post-111","page","type-page","status-publish","hentry"],"yoast_head":"<!-- This site is optimized with the Yoast SEO plugin v24.9 - https:\/\/yoast.com\/wordpress\/plugins\/seo\/ -->\n<title>ACCUEIL -<\/title>\n<meta name=\"robots\" content=\"index, follow, max-snippet:-1, max-image-preview:large, max-video-preview:-1\" \/>\n<link rel=\"canonical\" href=\"https:\/\/domaine-carriereaudier.fr\/en\/\" \/>\n<meta property=\"og:locale\" content=\"en_GB\" \/>\n<meta property=\"og:type\" content=\"article\" \/>\n<meta property=\"og:title\" content=\"ACCUEIL -\" \/>\n<meta property=\"og:description\" content=\"DOMAINE CARRI\u00c8RE AUDIER Des vins de famille subtils et g\u00e9n\u00e9reux. Pr\u00e9c\u00e9dent Suivant Notre \u00a0Caveau est ouvert tous les jours du lundi au samedi\u00a0de 9h \u00e0 12h et de 14h \u00e0 19h\u00a0et ouvert les dimanches du 1er Avril au 31 Octobre. \u00a0\" \/>\n<meta property=\"og:url\" content=\"https:\/\/domaine-carriereaudier.fr\/en\/\" \/>\n<meta property=\"article:publisher\" content=\"https:\/\/fr-fr.facebook.com\/pages\/category\/Winery-Vineyard\/Domaine-Carriere-Audier-1050958351756872\/\" \/>\n<meta property=\"article:modified_time\" content=\"2023-01-09T15:20:13+00:00\" \/>\n<meta property=\"og:image\" content=\"https:\/\/domaine-carriereaudier.fr\/wp-content\/uploads\/2021\/03\/IMG_2138-1024x768.jpg\" \/>\n<meta name=\"twitter:label1\" content=\"Estimated reading time\" \/>\n\t<meta name=\"twitter:data1\" content=\"2 minutes\" \/>\n<script type=\"application\/ld+json\" class=\"yoast-schema-graph\">{\"@context\":\"https:\/\/schema.org\",\"@graph\":[{\"@type\":\"WebPage\",\"@id\":\"https:\/\/domaine-carriereaudier.fr\/\",\"url\":\"https:\/\/domaine-carriereaudier.fr\/\",\"name\":\"ACCUEIL -\",\"isPartOf\":{\"@id\":\"https:\/\/domaine-carriereaudier.fr\/en\/#website\"},\"primaryImageOfPage\":{\"@id\":\"https:\/\/domaine-carriereaudier.fr\/#primaryimage\"},\"image\":{\"@id\":\"https:\/\/domaine-carriereaudier.fr\/#primaryimage\"},\"thumbnailUrl\":\"https:\/\/domaine-carriereaudier.fr\/wp-content\/uploads\/2021\/03\/IMG_2138-1024x768.jpg\",\"datePublished\":\"2021-03-07T11:06:45+00:00\",\"dateModified\":\"2023-01-09T15:20:13+00:00\",\"breadcrumb\":{\"@id\":\"https:\/\/domaine-carriereaudier.fr\/#breadcrumb\"},\"inLanguage\":\"en-GB\",\"potentialAction\":[{\"@type\":\"ReadAction\",\"target\":[\"https:\/\/domaine-carriereaudier.fr\/\"]}]},{\"@type\":\"ImageObject\",\"inLanguage\":\"en-GB\",\"@id\":\"https:\/\/domaine-carriereaudier.fr\/#primaryimage\",\"url\":\"https:\/\/domaine-carriereaudier.fr\/wp-content\/uploads\/2021\/03\/IMG_2138-1024x768.jpg\",\"contentUrl\":\"https:\/\/domaine-carriereaudier.fr\/wp-content\/uploads\/2021\/03\/IMG_2138-1024x768.jpg\"},{\"@type\":\"BreadcrumbList\",\"@id\":\"https:\/\/domaine-carriereaudier.fr\/#breadcrumb\",\"itemListElement\":[{\"@type\":\"ListItem\",\"position\":1,\"name\":\"Accueil\",\"item\":\"https:\/\/domaine-carriereaudier.fr\/\"},{\"@type\":\"ListItem\",\"position\":2,\"name\":\"ACCUEIL\"}]},{\"@type\":\"WebSite\",\"@id\":\"https:\/\/domaine-carriereaudier.fr\/en\/#website\",\"url\":\"https:\/\/domaine-carriereaudier.fr\/en\/\",\"name\":\"\",\"description\":\"\",\"publisher\":{\"@id\":\"https:\/\/domaine-carriereaudier.fr\/en\/#organization\"},\"potentialAction\":[{\"@type\":\"SearchAction\",\"target\":{\"@type\":\"EntryPoint\",\"urlTemplate\":\"https:\/\/domaine-carriereaudier.fr\/en\/?s={search_term_string}\"},\"query-input\":{\"@type\":\"PropertyValueSpecification\",\"valueRequired\":true,\"valueName\":\"search_term_string\"}}],\"inLanguage\":\"en-GB\"},{\"@type\":\"Organization\",\"@id\":\"https:\/\/domaine-carriereaudier.fr\/en\/#organization\",\"name\":\"Domaine Carriere Audier\",\"url\":\"https:\/\/domaine-carriereaudier.fr\/en\/\",\"logo\":{\"@type\":\"ImageObject\",\"inLanguage\":\"en-GB\",\"@id\":\"https:\/\/domaine-carriereaudier.fr\/en\/#\/schema\/logo\/image\/\",\"url\":\"https:\/\/domaine-carriereaudier.fr\/wp-content\/uploads\/2021\/03\/Logo-CA-Recupere.jpg\",\"contentUrl\":\"https:\/\/domaine-carriereaudier.fr\/wp-content\/uploads\/2021\/03\/Logo-CA-Recupere.jpg\",\"width\":430,\"height\":512,\"caption\":\"Domaine Carriere Audier\"},\"image\":{\"@id\":\"https:\/\/domaine-carriereaudier.fr\/en\/#\/schema\/logo\/image\/\"},\"sameAs\":[\"https:\/\/fr-fr.facebook.com\/pages\/category\/Winery-Vineyard\/Domaine-Carriere-Audier-1050958351756872\/\",\"https:\/\/www.instagram.com\/domainecarriereaudier\/\"]}]}<\/script>\n<!-- \/ Yoast SEO plugin. -->","yoast_head_json":{"title":"ACCUEIL -","robots":{"index":"index","follow":"follow","max-snippet":"max-snippet:-1","max-image-preview":"max-image-preview:large","max-video-preview":"max-video-preview:-1"},"canonical":"https:\/\/domaine-carriereaudier.fr\/en\/","og_locale":"en_GB","og_type":"article","og_title":"ACCUEIL -","og_description":"DOMAINE CARRI\u00c8RE AUDIER Des vins de famille subtils et g\u00e9n\u00e9reux. Pr\u00e9c\u00e9dent Suivant Notre \u00a0Caveau est ouvert tous les jours du lundi au samedi\u00a0de 9h \u00e0 12h et de 14h \u00e0 19h\u00a0et ouvert les dimanches du 1er Avril au 31 Octobre. \u00a0","og_url":"https:\/\/domaine-carriereaudier.fr\/en\/","article_publisher":"https:\/\/fr-fr.facebook.com\/pages\/category\/Winery-Vineyard\/Domaine-Carriere-Audier-1050958351756872\/","article_modified_time":"2023-01-09T15:20:13+00:00","og_image":[{"url":"https:\/\/domaine-carriereaudier.fr\/wp-content\/uploads\/2021\/03\/IMG_2138-1024x768.jpg","type":"","width":"","height":""}],"twitter_misc":{"Estimated reading time":"2 minutes"},"schema":{"@context":"https:\/\/schema.org","@graph":[{"@type":"WebPage","@id":"https:\/\/domaine-carriereaudier.fr\/","url":"https:\/\/domaine-carriereaudier.fr\/","name":"ACCUEIL -","isPartOf":{"@id":"https:\/\/domaine-carriereaudier.fr\/en\/#website"},"primaryImageOfPage":{"@id":"https:\/\/domaine-carriereaudier.fr\/#primaryimage"},"image":{"@id":"https:\/\/domaine-carriereaudier.fr\/#primaryimage"},"thumbnailUrl":"https:\/\/domaine-carriereaudier.fr\/wp-content\/uploads\/2021\/03\/IMG_2138-1024x768.jpg","datePublished":"2021-03-07T11:06:45+00:00","dateModified":"2023-01-09T15:20:13+00:00","breadcrumb":{"@id":"https:\/\/domaine-carriereaudier.fr\/#breadcrumb"},"inLanguage":"en-GB","potentialAction":[{"@type":"ReadAction","target":["https:\/\/domaine-carriereaudier.fr\/"]}]},{"@type":"ImageObject","inLanguage":"en-GB","@id":"https:\/\/domaine-carriereaudier.fr\/#primaryimage","url":"https:\/\/domaine-carriereaudier.fr\/wp-content\/uploads\/2021\/03\/IMG_2138-1024x768.jpg","contentUrl":"https:\/\/domaine-carriereaudier.fr\/wp-content\/uploads\/2021\/03\/IMG_2138-1024x768.jpg"},{"@type":"BreadcrumbList","@id":"https:\/\/domaine-carriereaudier.fr\/#breadcrumb","itemListElement":[{"@type":"ListItem","position":1,"name":"Accueil","item":"https:\/\/domaine-carriereaudier.fr\/"},{"@type":"ListItem","position":2,"name":"ACCUEIL"}]},{"@type":"WebSite","@id":"https:\/\/domaine-carriereaudier.fr\/en\/#website","url":"https:\/\/domaine-carriereaudier.fr\/en\/","name":"","description":"","publisher":{"@id":"https:\/\/domaine-carriereaudier.fr\/en\/#organization"},"potentialAction":[{"@type":"SearchAction","target":{"@type":"EntryPoint","urlTemplate":"https:\/\/domaine-carriereaudier.fr\/en\/?s={search_term_string}"},"query-input":{"@type":"PropertyValueSpecification","valueRequired":true,"valueName":"search_term_string"}}],"inLanguage":"en-GB"},{"@type":"Organization","@id":"https:\/\/domaine-carriereaudier.fr\/en\/#organization","name":"Domaine Carriere Audier","url":"https:\/\/domaine-carriereaudier.fr\/en\/","logo":{"@type":"ImageObject","inLanguage":"en-GB","@id":"https:\/\/domaine-carriereaudier.fr\/en\/#\/schema\/logo\/image\/","url":"https:\/\/domaine-carriereaudier.fr\/wp-content\/uploads\/2021\/03\/Logo-CA-Recupere.jpg","contentUrl":"https:\/\/domaine-carriereaudier.fr\/wp-content\/uploads\/2021\/03\/Logo-CA-Recupere.jpg","width":430,"height":512,"caption":"Domaine Carriere Audier"},"image":{"@id":"https:\/\/domaine-carriereaudier.fr\/en\/#\/schema\/logo\/image\/"},"sameAs":["https:\/\/fr-fr.facebook.com\/pages\/category\/Winery-Vineyard\/Domaine-Carriere-Audier-1050958351756872\/","https:\/\/www.instagram.com\/domainecarriereaudier\/"]}]}},"_links":{"self":[{"href":"https:\/\/domaine-carriereaudier.fr\/en\/wp-json\/wp\/v2\/pages\/111","targetHints":{"allow":["GET"]}}],"collection":[{"href":"https:\/\/domaine-carriereaudier.fr\/en\/wp-json\/wp\/v2\/pages"}],"about":[{"href":"https:\/\/domaine-carriereaudier.fr\/en\/wp-json\/wp\/v2\/types\/page"}],"author":[{"embeddable":true,"href":"https:\/\/domaine-carriereaudier.fr\/en\/wp-json\/wp\/v2\/users\/1"}],"replies":[{"embeddable":true,"href":"https:\/\/domaine-carriereaudier.fr\/en\/wp-json\/wp\/v2\/comments?post=111"}],"version-history":[{"count":125,"href":"https:\/\/domaine-carriereaudier.fr\/en\/wp-json\/wp\/v2\/pages\/111\/revisions"}],"predecessor-version":[{"id":2337,"href":"https:\/\/domaine-carriereaudier.fr\/en\/wp-json\/wp\/v2\/pages\/111\/revisions\/2337"}],"wp:attachment":[{"href":"https:\/\/domaine-carriereaudier.fr\/en\/wp-json\/wp\/v2\/media?parent=111"}],"curies":[{"name":"wp","href":"https:\/\/api.w.org\/{rel}","templated":true}]}}