{"id":115,"date":"2021-03-07T12:08:07","date_gmt":"2021-03-07T11:08:07","guid":{"rendered":"http:\/\/domaine-carriereaudier.fr\/?page_id=115"},"modified":"2026-03-16T16:40:46","modified_gmt":"2026-03-16T15:40:46","slug":"infos","status":"publish","type":"page","link":"https:\/\/domaine-carriereaudier.fr\/en\/infos\/","title":{"rendered":"NEWS"},"content":{"rendered":"<div data-elementor-type=\"wp-page\" data-elementor-id=\"115\" class=\"elementor elementor-115\">\n\t\t\t\t\t\t\t\t\t<section class=\"elementor-section elementor-top-section elementor-element elementor-element-220a959 elementor-section-boxed elementor-section-height-default elementor-section-height-default\" data-id=\"220a959\" data-element_type=\"section\" data-settings=\"{&quot;_ha_eqh_enable&quot;:false}\">\n\t\t\t\t\t\t<div class=\"elementor-container elementor-column-gap-default\">\n\t\t\t\t\t<div class=\"elementor-column elementor-col-100 elementor-top-column elementor-element elementor-element-aed5bc8\" data-id=\"aed5bc8\" data-element_type=\"column\">\n\t\t\t<div class=\"elementor-widget-wrap elementor-element-populated\">\n\t\t\t\t\t\t\t\t<div class=\"elementor-element elementor-element-452402b elementor-widget elementor-widget-heading\" data-id=\"452402b\" data-element_type=\"widget\" data-widget_type=\"heading.default\">\n\t\t\t\t<div class=\"elementor-widget-container\">\n\t\t\t<h2 class=\"elementor-heading-title elementor-size-default\">NEWS<\/h2>\t\t<\/div>\n\t\t\t\t<\/div>\n\t\t\t\t\t<\/div>\n\t\t<\/div>\n\t\t\t\t\t\t\t<\/div>\n\t\t<\/section>\n\t\t\t\t<section class=\"elementor-section elementor-top-section elementor-element elementor-element-7466bbc elementor-section-boxed elementor-section-height-default elementor-section-height-default\" data-id=\"7466bbc\" data-element_type=\"section\" data-settings=\"{&quot;_ha_eqh_enable&quot;:false}\">\n\t\t\t\t\t\t<div class=\"elementor-container elementor-column-gap-default\">\n\t\t\t\t\t<div class=\"elementor-column elementor-col-100 elementor-top-column elementor-element elementor-element-0652263\" data-id=\"0652263\" data-element_type=\"column\">\n\t\t\t<div class=\"elementor-widget-wrap elementor-element-populated\">\n\t\t\t\t\t\t\t\t<div class=\"elementor-element elementor-element-7bc70d6 elementor-widget elementor-widget-heading\" data-id=\"7bc70d6\" data-element_type=\"widget\" data-widget_type=\"heading.default\">\n\t\t\t\t<div class=\"elementor-widget-container\">\n\t\t\t<h4 class=\"elementor-heading-title elementor-size-default\">WHERE TO FIND OUR WINES<\/h4>\t\t<\/div>\n\t\t\t\t<\/div>\n\t\t\t\t\t<\/div>\n\t\t<\/div>\n\t\t\t\t\t\t\t<\/div>\n\t\t<\/section>\n\t\t\t\t<section class=\"elementor-section elementor-top-section elementor-element elementor-element-bdf487f elementor-section-boxed elementor-section-height-default elementor-section-height-default\" data-id=\"bdf487f\" data-element_type=\"section\" data-settings=\"{&quot;_ha_eqh_enable&quot;:false}\">\n\t\t\t\t\t\t<div class=\"elementor-container elementor-column-gap-default\">\n\t\t\t\t\t<div class=\"elementor-column elementor-col-100 elementor-top-column elementor-element elementor-element-f4d2627\" data-id=\"f4d2627\" data-element_type=\"column\">\n\t\t\t<div class=\"elementor-widget-wrap\">\n\t\t\t\t\t\t\t\t\t<\/div>\n\t\t<\/div>\n\t\t\t\t\t\t\t<\/div>\n\t\t<\/section>\n\t\t\t\t<section class=\"elementor-section elementor-top-section elementor-element elementor-element-068b81c elementor-section-boxed elementor-section-height-default elementor-section-height-default\" data-id=\"068b81c\" data-element_type=\"section\" data-settings=\"{&quot;_ha_eqh_enable&quot;:false}\">\n\t\t\t\t\t\t<div class=\"elementor-container elementor-column-gap-default\">\n\t\t\t\t\t<div class=\"elementor-column elementor-col-100 elementor-top-column elementor-element elementor-element-eedf98c\" data-id=\"eedf98c\" data-element_type=\"column\">\n\t\t\t<div class=\"elementor-widget-wrap\">\n\t\t\t\t\t\t\t\t\t<\/div>\n\t\t<\/div>\n\t\t\t\t\t\t\t<\/div>\n\t\t<\/section>\n\t\t\t\t<section class=\"elementor-section elementor-top-section elementor-element elementor-element-66a6bb1 elementor-section-boxed elementor-section-height-default elementor-section-height-default\" data-id=\"66a6bb1\" data-element_type=\"section\" data-settings=\"{&quot;_ha_eqh_enable&quot;:false}\">\n\t\t\t\t\t\t<div class=\"elementor-container elementor-column-gap-default\">\n\t\t\t\t\t<div class=\"elementor-column elementor-col-100 elementor-top-column elementor-element elementor-element-afd14cc\" data-id=\"afd14cc\" data-element_type=\"column\">\n\t\t\t<div class=\"elementor-widget-wrap\">\n\t\t\t\t\t\t\t\t\t<\/div>\n\t\t<\/div>\n\t\t\t\t\t\t\t<\/div>\n\t\t<\/section>\n\t\t\t\t<section class=\"elementor-section elementor-top-section elementor-element elementor-element-da9e47c elementor-section-boxed elementor-section-height-default elementor-section-height-default\" data-id=\"da9e47c\" data-element_type=\"section\" data-settings=\"{&quot;_ha_eqh_enable&quot;:false}\">\n\t\t\t\t\t\t<div class=\"elementor-container elementor-column-gap-default\">\n\t\t\t\t\t<div class=\"elementor-column elementor-col-100 elementor-top-column elementor-element elementor-element-ace2fc1\" data-id=\"ace2fc1\" data-element_type=\"column\">\n\t\t\t<div class=\"elementor-widget-wrap elementor-element-populated\">\n\t\t\t\t\t\t\t\t<div class=\"elementor-element elementor-element-d224ed7 elementor-widget elementor-widget-text-editor\" data-id=\"d224ed7\" data-element_type=\"widget\" data-widget_type=\"text-editor.default\">\n\t\t\t\t<div class=\"elementor-widget-container\">\n\t\t\t\t\t\t\t<h3>\u2022 <strong>LES SALONS 2025\/2026<\/strong><\/h3><p>&#8211; Brindas : 15\/16 Novembre 2025<\/p><p>&#8211; Niort : 5\/6\/7 D\u00e9cembre 2025<\/p><p>&#8211; Vichy : F\u00e9vrier<\/p><p>&#8211; Saint-\u00c9tienne : F\u00e9vrier<\/p><p>&#8211; Thouars : 27\/28\/29 Mars 2026<\/p><p>&#8211; Laval : 1\/2\/3 Mai 2026<\/p><p>&#8211; Vinocap : 14\/15\/16 Mai 2026<\/p>\t\t\t\t\t\t<\/div>\n\t\t\t\t<\/div>\n\t\t\t\t<div class=\"elementor-element elementor-element-95b10aa elementor-widget elementor-widget-image\" data-id=\"95b10aa\" data-element_type=\"widget\" data-settings=\"{&quot;ha_floating_fx&quot;:&quot;yes&quot;,&quot;ha_floating_fx_rotate_toggle&quot;:&quot;yes&quot;,&quot;ha_floating_fx_rotate_x&quot;:{&quot;unit&quot;:&quot;px&quot;,&quot;size&quot;:&quot;&quot;,&quot;sizes&quot;:{&quot;from&quot;:0,&quot;to&quot;:28}},&quot;ha_floating_fx_rotate_y&quot;:{&quot;unit&quot;:&quot;px&quot;,&quot;size&quot;:&quot;&quot;,&quot;sizes&quot;:{&quot;from&quot;:-15,&quot;to&quot;:2}},&quot;ha_floating_fx_rotate_z&quot;:{&quot;unit&quot;:&quot;px&quot;,&quot;size&quot;:&quot;&quot;,&quot;sizes&quot;:{&quot;from&quot;:0,&quot;to&quot;:12}},&quot;ha_floating_fx_rotate_duration&quot;:{&quot;unit&quot;:&quot;px&quot;,&quot;size&quot;:2100,&quot;sizes&quot;:[]},&quot;ha_floating_fx_rotate_delay&quot;:{&quot;unit&quot;:&quot;px&quot;,&quot;size&quot;:500,&quot;sizes&quot;:[]}}\" data-widget_type=\"image.default\">\n\t\t\t\t<div class=\"elementor-widget-container\">\n\t\t\t\t\t\t\t\t\t\t\t\t\t\t\t<img decoding=\"async\" src=\"https:\/\/domaine-carriereaudier.fr\/wp-content\/uploads\/elementor\/thumbs\/photo-trrinquer-p4282mwlm0ympqwfsz7w4x39bwvdt4sgxc61gjtq74.jpg\" title=\"photo-trrinquer\" alt=\"photo-trrinquer\" loading=\"lazy\" \/>\t\t\t\t\t\t\t\t\t\t\t\t\t\t\t<\/div>\n\t\t\t\t<\/div>\n\t\t\t\t<div class=\"elementor-element elementor-element-e0c23c4 elementor-widget-divider--view-line elementor-widget elementor-widget-divider\" data-id=\"e0c23c4\" data-element_type=\"widget\" data-widget_type=\"divider.default\">\n\t\t\t\t<div class=\"elementor-widget-container\">\n\t\t\t\t\t<div class=\"elementor-divider\">\n\t\t\t<span class=\"elementor-divider-separator\">\n\t\t\t\t\t\t<\/span>\n\t\t<\/div>\n\t\t\t\t<\/div>\n\t\t\t\t<\/div>\n\t\t\t\t<div class=\"elementor-element elementor-element-bae055d elementor-widget elementor-widget-heading\" data-id=\"bae055d\" data-element_type=\"widget\" data-widget_type=\"heading.default\">\n\t\t\t\t<div class=\"elementor-widget-container\">\n\t\t\t<h2 class=\"elementor-heading-title elementor-size-default\"><h3><font color=\"#6a645e\">\u2022 <font face=\"Sen, serif\"><b>LES FOIRES ESTIVALES : 2026<\/b><\/font><\/font><\/h3>\n<\/h2>\t\t<\/div>\n\t\t\t\t<\/div>\n\t\t\t\t<section class=\"elementor-section elementor-inner-section elementor-element elementor-element-e7263b5 elementor-section-boxed elementor-section-height-default elementor-section-height-default\" data-id=\"e7263b5\" data-element_type=\"section\" data-settings=\"{&quot;_ha_eqh_enable&quot;:false}\">\n\t\t\t\t\t\t<div class=\"elementor-container elementor-column-gap-default\">\n\t\t\t\t\t<div class=\"elementor-column elementor-col-100 elementor-inner-column elementor-element elementor-element-2d3b634\" data-id=\"2d3b634\" data-element_type=\"column\">\n\t\t\t<div class=\"elementor-widget-wrap elementor-element-populated\">\n\t\t\t\t\t\t\t\t<div class=\"elementor-element elementor-element-bff5353 elementor-widget elementor-widget-text-editor\" data-id=\"bff5353\" data-element_type=\"widget\" data-widget_type=\"text-editor.default\">\n\t\t\t\t<div class=\"elementor-widget-container\">\n\t\t\t\t\t\t\t<p style=\"text-align: center;\">JULY<\/p>\t\t\t\t\t\t<\/div>\n\t\t\t\t<\/div>\n\t\t\t\t\t<\/div>\n\t\t<\/div>\n\t\t\t\t\t\t\t<\/div>\n\t\t<\/section>\n\t\t\t\t<section class=\"elementor-section elementor-inner-section elementor-element elementor-element-cc5f7d6 elementor-section-boxed elementor-section-height-default elementor-section-height-default\" data-id=\"cc5f7d6\" data-element_type=\"section\" data-settings=\"{&quot;_ha_eqh_enable&quot;:false}\">\n\t\t\t\t\t\t<div class=\"elementor-container elementor-column-gap-default\">\n\t\t\t\t\t<div class=\"elementor-column elementor-col-100 elementor-inner-column elementor-element elementor-element-fe48a21\" data-id=\"fe48a21\" data-element_type=\"column\">\n\t\t\t<div class=\"elementor-widget-wrap elementor-element-populated\">\n\t\t\t\t\t\t\t\t<div class=\"elementor-element elementor-element-61344ab elementor-widget elementor-widget-text-editor\" data-id=\"61344ab\" data-element_type=\"widget\" data-widget_type=\"text-editor.default\">\n\t\t\t\t<div class=\"elementor-widget-container\">\n\t\t\t\t\t\t\t<p align=\"CENTER\"><span style=\"font-size: large; font-family: Sen, serif; color: #6a645e;\">Cap d&rsquo;Agde, Mail de Rochelongue<\/span><\/p><p align=\"CENTER\"><span style=\"font-size: large; font-family: Sen, serif; color: #6a645e;\">Lacaune, F\u00eate de la charcuterie<\/span><\/p><p align=\"CENTER\"><span style=\"font-size: large; font-family: Sen, serif; color: #6a645e;\">Cap d&rsquo;Agde village<\/span><\/p>\t\t\t\t\t\t<\/div>\n\t\t\t\t<\/div>\n\t\t\t\t\t<\/div>\n\t\t<\/div>\n\t\t\t\t\t\t\t<\/div>\n\t\t<\/section>\n\t\t\t\t<section class=\"elementor-section elementor-inner-section elementor-element elementor-element-a7e5a5b elementor-section-boxed elementor-section-height-default elementor-section-height-default\" data-id=\"a7e5a5b\" data-element_type=\"section\" data-settings=\"{&quot;_ha_eqh_enable&quot;:false}\">\n\t\t\t\t\t\t<div class=\"elementor-container elementor-column-gap-default\">\n\t\t\t\t\t<div class=\"elementor-column elementor-col-100 elementor-inner-column elementor-element elementor-element-e51a810\" data-id=\"e51a810\" data-element_type=\"column\">\n\t\t\t<div class=\"elementor-widget-wrap elementor-element-populated\">\n\t\t\t\t\t\t\t\t<div class=\"elementor-element elementor-element-88739d6 elementor-widget elementor-widget-text-editor\" data-id=\"88739d6\" data-element_type=\"widget\" data-widget_type=\"text-editor.default\">\n\t\t\t\t<div class=\"elementor-widget-container\">\n\t\t\t\t\t\t\t<p style=\"text-align: center;\">August<\/p>\t\t\t\t\t\t<\/div>\n\t\t\t\t<\/div>\n\t\t\t\t\t<\/div>\n\t\t<\/div>\n\t\t\t\t\t\t\t<\/div>\n\t\t<\/section>\n\t\t\t\t<section class=\"elementor-section elementor-inner-section elementor-element elementor-element-41a0758 elementor-section-boxed elementor-section-height-default elementor-section-height-default\" data-id=\"41a0758\" data-element_type=\"section\" data-settings=\"{&quot;_ha_eqh_enable&quot;:false}\">\n\t\t\t\t\t\t<div class=\"elementor-container elementor-column-gap-default\">\n\t\t\t\t\t<div class=\"elementor-column elementor-col-100 elementor-inner-column elementor-element elementor-element-66f0901\" data-id=\"66f0901\" data-element_type=\"column\">\n\t\t\t<div class=\"elementor-widget-wrap elementor-element-populated\">\n\t\t\t\t\t\t\t\t<div class=\"elementor-element elementor-element-38c183b elementor-widget elementor-widget-text-editor\" data-id=\"38c183b\" data-element_type=\"widget\" data-widget_type=\"text-editor.default\">\n\t\t\t\t<div class=\"elementor-widget-container\">\n\t\t\t\t\t\t\t<p align=\"CENTER\"><span style=\"color: #6a645e;\"><span style=\"font-family: Sen, serif;\"><span style=\"font-size: large;\">Cap d&rsquo;Agde, Mail de rochelongue\u00a0<\/span><\/span><\/span><\/p><p align=\"CENTER\"><span style=\"font-size: large; font-family: Sen, serif; color: #6a645e;\">Murat sur V\u00e8bre<\/span><\/p><p align=\"CENTER\"><span style=\"font-size: large; font-family: Sen, serif; color: #6a645e;\">Angl\u00e8s<\/span><\/p><p>\u00a0<\/p>\t\t\t\t\t\t<\/div>\n\t\t\t\t<\/div>\n\t\t\t\t\t<\/div>\n\t\t<\/div>\n\t\t\t\t\t\t\t<\/div>\n\t\t<\/section>\n\t\t\t\t<div class=\"elementor-element elementor-element-339c70e elementor-widget elementor-widget-image\" data-id=\"339c70e\" data-element_type=\"widget\" data-widget_type=\"image.default\">\n\t\t\t\t<div class=\"elementor-widget-container\">\n\t\t\t\t\t\t\t\t\t\t\t\t\t\t\t<img decoding=\"async\" src=\"https:\/\/domaine-carriereaudier.fr\/wp-content\/uploads\/elementor\/thumbs\/photo-pour-infos--p428243ttc8w9jnqur3cr1u1g7g1j6pu6r4bv0llnk.jpg\" title=\"photo pour infos\" alt=\"photo pour infos\" loading=\"lazy\" \/>\t\t\t\t\t\t\t\t\t\t\t\t\t\t\t<\/div>\n\t\t\t\t<\/div>\n\t\t\t\t<div class=\"elementor-element elementor-element-3e5cb22 elementor-widget-divider--view-line elementor-widget elementor-widget-divider\" data-id=\"3e5cb22\" data-element_type=\"widget\" data-widget_type=\"divider.default\">\n\t\t\t\t<div class=\"elementor-widget-container\">\n\t\t\t\t\t<div class=\"elementor-divider\">\n\t\t\t<span class=\"elementor-divider-separator\">\n\t\t\t\t\t\t<\/span>\n\t\t<\/div>\n\t\t\t\t<\/div>\n\t\t\t\t<\/div>\n\t\t\t\t<div class=\"elementor-element elementor-element-7da105b elementor-widget elementor-widget-text-editor\" data-id=\"7da105b\" data-element_type=\"widget\" data-widget_type=\"text-editor.default\">\n\t\t\t\t<div class=\"elementor-widget-container\">\n\t\t\t\t\t\t\t<h3><b>\u2022 SHOPS :<\/b><\/h3><p>&#8211; Cl\u00e9mentine &amp; Cie : Parc d&rsquo;activit\u00e9 du Bois Saint-Michel &#8211; 19200 Saint- Angel<\/p><p>\u00a0 \u00a0 \u00a0 \u00a0 \u00a0 \u00a0 \u00a0 \u00a0 \u00a0 \u00a0 \u00a0 \u00a0 \u00a0 \u00a0 \u00a0 \u00a02 rue de l&rsquo;artisanat &#8211; Zone artisanale Nord &#8211; 15210 Ydes<\/p><p>&#8211; Plaisirs fermiers : SARL D\u00e9lices du terroir &#8211; 256 Bis Route de Coulonges &#8211; 79000 Niort<\/p><p>&#8211; Le Ch\u00eane Vert : Avenue de la gare &#8211; 34390 Olargues<\/p>\t\t\t\t\t\t<\/div>\n\t\t\t\t<\/div>\n\t\t\t\t\t<\/div>\n\t\t<\/div>\n\t\t\t\t\t\t\t<\/div>\n\t\t<\/section>\n\t\t\t\t<section class=\"elementor-section elementor-top-section elementor-element elementor-element-8abc4fc elementor-section-boxed elementor-section-height-default elementor-section-height-default\" data-id=\"8abc4fc\" data-element_type=\"section\" data-settings=\"{&quot;_ha_eqh_enable&quot;:false}\">\n\t\t\t\t\t\t<div class=\"elementor-container elementor-column-gap-default\">\n\t\t\t\t\t<div class=\"elementor-column elementor-col-100 elementor-top-column elementor-element elementor-element-57a1280\" data-id=\"57a1280\" data-element_type=\"column\">\n\t\t\t<div class=\"elementor-widget-wrap elementor-element-populated\">\n\t\t\t\t\t\t\t\t<div class=\"elementor-element elementor-element-69318d2 elementor-widget elementor-widget-spacer\" data-id=\"69318d2\" data-element_type=\"widget\" data-widget_type=\"spacer.default\">\n\t\t\t\t<div class=\"elementor-widget-container\">\n\t\t\t\t\t<div class=\"elementor-spacer\">\n\t\t\t<div class=\"elementor-spacer-inner\"><\/div>\n\t\t<\/div>\n\t\t\t\t<\/div>\n\t\t\t\t<\/div>\n\t\t\t\t\t<\/div>\n\t\t<\/div>\n\t\t\t\t\t\t\t<\/div>\n\t\t<\/section>\n\t\t\t\t\t\t\t<\/div>","protected":false},"excerpt":{"rendered":"<p>ACTUALIT\u00c9S O\u00d9 TROUVER NOS VINS \u2022 LES SALONS 2025\/2026 &#8211; Brindas : 15\/16 Novembre 2025 &#8211; Niort : 5\/6\/7 D\u00e9cembre 2025 &#8211; Vichy : F\u00e9vrier &#8211; Saint-\u00c9tienne : F\u00e9vrier &#8211; Thouars : 27\/28\/29 Mars 2026 &#8211; Laval : 1\/2\/3 Mai 2026 &#8211; Vinocap : 14\/15\/16 Mai 2026 \u2022 LES FOIRES ESTIVALES : 2026 JUILLET Cap [&hellip;]<\/p>","protected":false},"author":1,"featured_media":0,"parent":0,"menu_order":0,"comment_status":"closed","ping_status":"closed","template":"elementor_header_footer","meta":{"footnotes":""},"class_list":["post-115","page","type-page","status-publish","hentry"],"yoast_head":"<!-- This site is optimized with the Yoast SEO plugin v24.9 - https:\/\/yoast.com\/wordpress\/plugins\/seo\/ -->\n<title>ACTUALIT\u00c9S -<\/title>\n<meta name=\"robots\" content=\"index, follow, max-snippet:-1, max-image-preview:large, max-video-preview:-1\" \/>\n<link rel=\"canonical\" href=\"https:\/\/domaine-carriereaudier.fr\/en\/infos\/\" \/>\n<meta property=\"og:locale\" content=\"en_GB\" \/>\n<meta property=\"og:type\" content=\"article\" \/>\n<meta property=\"og:title\" content=\"ACTUALIT\u00c9S -\" \/>\n<meta property=\"og:description\" content=\"ACTUALIT\u00c9S O\u00d9 TROUVER NOS VINS \u2022 LES SALONS 2025\/2026 &#8211; Brindas : 15\/16 Novembre 2025 &#8211; Niort : 5\/6\/7 D\u00e9cembre 2025 &#8211; Vichy : F\u00e9vrier &#8211; Saint-\u00c9tienne : F\u00e9vrier &#8211; Thouars : 27\/28\/29 Mars 2026 &#8211; Laval : 1\/2\/3 Mai 2026 &#8211; Vinocap : 14\/15\/16 Mai 2026 \u2022 LES FOIRES ESTIVALES : 2026 JUILLET Cap [&hellip;]\" \/>\n<meta property=\"og:url\" content=\"https:\/\/domaine-carriereaudier.fr\/en\/infos\/\" \/>\n<meta property=\"article:publisher\" content=\"https:\/\/fr-fr.facebook.com\/pages\/category\/Winery-Vineyard\/Domaine-Carriere-Audier-1050958351756872\/\" \/>\n<meta property=\"article:modified_time\" content=\"2026-03-16T15:40:46+00:00\" \/>\n<meta property=\"og:image\" content=\"https:\/\/domaine-carriereaudier.fr\/wp-content\/uploads\/elementor\/thumbs\/photo-trrinquer-p4282mwlm0ympqwfsz7w4x39bwvdt4sgxc61gjtq74.jpg\" \/>\n<meta name=\"twitter:label1\" content=\"Estimated reading time\" \/>\n\t<meta name=\"twitter:data1\" content=\"1 minute\" \/>\n<script type=\"application\/ld+json\" class=\"yoast-schema-graph\">{\"@context\":\"https:\/\/schema.org\",\"@graph\":[{\"@type\":\"WebPage\",\"@id\":\"https:\/\/domaine-carriereaudier.fr\/infos\/\",\"url\":\"https:\/\/domaine-carriereaudier.fr\/infos\/\",\"name\":\"ACTUALIT\u00c9S -\",\"isPartOf\":{\"@id\":\"https:\/\/domaine-carriereaudier.fr\/en\/#website\"},\"primaryImageOfPage\":{\"@id\":\"https:\/\/domaine-carriereaudier.fr\/infos\/#primaryimage\"},\"image\":{\"@id\":\"https:\/\/domaine-carriereaudier.fr\/infos\/#primaryimage\"},\"thumbnailUrl\":\"https:\/\/domaine-carriereaudier.fr\/wp-content\/uploads\/elementor\/thumbs\/photo-trrinquer-p4282mwlm0ympqwfsz7w4x39bwvdt4sgxc61gjtq74.jpg\",\"datePublished\":\"2021-03-07T11:08:07+00:00\",\"dateModified\":\"2026-03-16T15:40:46+00:00\",\"breadcrumb\":{\"@id\":\"https:\/\/domaine-carriereaudier.fr\/infos\/#breadcrumb\"},\"inLanguage\":\"en-GB\",\"potentialAction\":[{\"@type\":\"ReadAction\",\"target\":[\"https:\/\/domaine-carriereaudier.fr\/infos\/\"]}]},{\"@type\":\"ImageObject\",\"inLanguage\":\"en-GB\",\"@id\":\"https:\/\/domaine-carriereaudier.fr\/infos\/#primaryimage\",\"url\":\"https:\/\/domaine-carriereaudier.fr\/wp-content\/uploads\/elementor\/thumbs\/photo-trrinquer-p4282mwlm0ympqwfsz7w4x39bwvdt4sgxc61gjtq74.jpg\",\"contentUrl\":\"https:\/\/domaine-carriereaudier.fr\/wp-content\/uploads\/elementor\/thumbs\/photo-trrinquer-p4282mwlm0ympqwfsz7w4x39bwvdt4sgxc61gjtq74.jpg\"},{\"@type\":\"BreadcrumbList\",\"@id\":\"https:\/\/domaine-carriereaudier.fr\/infos\/#breadcrumb\",\"itemListElement\":[{\"@type\":\"ListItem\",\"position\":1,\"name\":\"Accueil\",\"item\":\"https:\/\/domaine-carriereaudier.fr\/\"},{\"@type\":\"ListItem\",\"position\":2,\"name\":\"ACTUALIT\u00c9S\"}]},{\"@type\":\"WebSite\",\"@id\":\"https:\/\/domaine-carriereaudier.fr\/en\/#website\",\"url\":\"https:\/\/domaine-carriereaudier.fr\/en\/\",\"name\":\"\",\"description\":\"\",\"publisher\":{\"@id\":\"https:\/\/domaine-carriereaudier.fr\/en\/#organization\"},\"potentialAction\":[{\"@type\":\"SearchAction\",\"target\":{\"@type\":\"EntryPoint\",\"urlTemplate\":\"https:\/\/domaine-carriereaudier.fr\/en\/?s={search_term_string}\"},\"query-input\":{\"@type\":\"PropertyValueSpecification\",\"valueRequired\":true,\"valueName\":\"search_term_string\"}}],\"inLanguage\":\"en-GB\"},{\"@type\":\"Organization\",\"@id\":\"https:\/\/domaine-carriereaudier.fr\/en\/#organization\",\"name\":\"Domaine Carriere Audier\",\"url\":\"https:\/\/domaine-carriereaudier.fr\/en\/\",\"logo\":{\"@type\":\"ImageObject\",\"inLanguage\":\"en-GB\",\"@id\":\"https:\/\/domaine-carriereaudier.fr\/en\/#\/schema\/logo\/image\/\",\"url\":\"https:\/\/domaine-carriereaudier.fr\/wp-content\/uploads\/2021\/03\/Logo-CA-Recupere.jpg\",\"contentUrl\":\"https:\/\/domaine-carriereaudier.fr\/wp-content\/uploads\/2021\/03\/Logo-CA-Recupere.jpg\",\"width\":430,\"height\":512,\"caption\":\"Domaine Carriere Audier\"},\"image\":{\"@id\":\"https:\/\/domaine-carriereaudier.fr\/en\/#\/schema\/logo\/image\/\"},\"sameAs\":[\"https:\/\/fr-fr.facebook.com\/pages\/category\/Winery-Vineyard\/Domaine-Carriere-Audier-1050958351756872\/\",\"https:\/\/www.instagram.com\/domainecarriereaudier\/\"]}]}<\/script>\n<!-- \/ Yoast SEO plugin. -->","yoast_head_json":{"title":"ACTUALIT\u00c9S -","robots":{"index":"index","follow":"follow","max-snippet":"max-snippet:-1","max-image-preview":"max-image-preview:large","max-video-preview":"max-video-preview:-1"},"canonical":"https:\/\/domaine-carriereaudier.fr\/en\/infos\/","og_locale":"en_GB","og_type":"article","og_title":"ACTUALIT\u00c9S -","og_description":"ACTUALIT\u00c9S O\u00d9 TROUVER NOS VINS \u2022 LES SALONS 2025\/2026 &#8211; Brindas : 15\/16 Novembre 2025 &#8211; Niort : 5\/6\/7 D\u00e9cembre 2025 &#8211; Vichy : F\u00e9vrier &#8211; Saint-\u00c9tienne : F\u00e9vrier &#8211; Thouars : 27\/28\/29 Mars 2026 &#8211; Laval : 1\/2\/3 Mai 2026 &#8211; Vinocap : 14\/15\/16 Mai 2026 \u2022 LES FOIRES ESTIVALES : 2026 JUILLET Cap [&hellip;]","og_url":"https:\/\/domaine-carriereaudier.fr\/en\/infos\/","article_publisher":"https:\/\/fr-fr.facebook.com\/pages\/category\/Winery-Vineyard\/Domaine-Carriere-Audier-1050958351756872\/","article_modified_time":"2026-03-16T15:40:46+00:00","og_image":[{"url":"https:\/\/domaine-carriereaudier.fr\/wp-content\/uploads\/elementor\/thumbs\/photo-trrinquer-p4282mwlm0ympqwfsz7w4x39bwvdt4sgxc61gjtq74.jpg","type":"","width":"","height":""}],"twitter_misc":{"Estimated reading time":"1 minute"},"schema":{"@context":"https:\/\/schema.org","@graph":[{"@type":"WebPage","@id":"https:\/\/domaine-carriereaudier.fr\/infos\/","url":"https:\/\/domaine-carriereaudier.fr\/infos\/","name":"ACTUALIT\u00c9S -","isPartOf":{"@id":"https:\/\/domaine-carriereaudier.fr\/en\/#website"},"primaryImageOfPage":{"@id":"https:\/\/domaine-carriereaudier.fr\/infos\/#primaryimage"},"image":{"@id":"https:\/\/domaine-carriereaudier.fr\/infos\/#primaryimage"},"thumbnailUrl":"https:\/\/domaine-carriereaudier.fr\/wp-content\/uploads\/elementor\/thumbs\/photo-trrinquer-p4282mwlm0ympqwfsz7w4x39bwvdt4sgxc61gjtq74.jpg","datePublished":"2021-03-07T11:08:07+00:00","dateModified":"2026-03-16T15:40:46+00:00","breadcrumb":{"@id":"https:\/\/domaine-carriereaudier.fr\/infos\/#breadcrumb"},"inLanguage":"en-GB","potentialAction":[{"@type":"ReadAction","target":["https:\/\/domaine-carriereaudier.fr\/infos\/"]}]},{"@type":"ImageObject","inLanguage":"en-GB","@id":"https:\/\/domaine-carriereaudier.fr\/infos\/#primaryimage","url":"https:\/\/domaine-carriereaudier.fr\/wp-content\/uploads\/elementor\/thumbs\/photo-trrinquer-p4282mwlm0ympqwfsz7w4x39bwvdt4sgxc61gjtq74.jpg","contentUrl":"https:\/\/domaine-carriereaudier.fr\/wp-content\/uploads\/elementor\/thumbs\/photo-trrinquer-p4282mwlm0ympqwfsz7w4x39bwvdt4sgxc61gjtq74.jpg"},{"@type":"BreadcrumbList","@id":"https:\/\/domaine-carriereaudier.fr\/infos\/#breadcrumb","itemListElement":[{"@type":"ListItem","position":1,"name":"Accueil","item":"https:\/\/domaine-carriereaudier.fr\/"},{"@type":"ListItem","position":2,"name":"ACTUALIT\u00c9S"}]},{"@type":"WebSite","@id":"https:\/\/domaine-carriereaudier.fr\/en\/#website","url":"https:\/\/domaine-carriereaudier.fr\/en\/","name":"","description":"","publisher":{"@id":"https:\/\/domaine-carriereaudier.fr\/en\/#organization"},"potentialAction":[{"@type":"SearchAction","target":{"@type":"EntryPoint","urlTemplate":"https:\/\/domaine-carriereaudier.fr\/en\/?s={search_term_string}"},"query-input":{"@type":"PropertyValueSpecification","valueRequired":true,"valueName":"search_term_string"}}],"inLanguage":"en-GB"},{"@type":"Organization","@id":"https:\/\/domaine-carriereaudier.fr\/en\/#organization","name":"Domaine Carriere Audier","url":"https:\/\/domaine-carriereaudier.fr\/en\/","logo":{"@type":"ImageObject","inLanguage":"en-GB","@id":"https:\/\/domaine-carriereaudier.fr\/en\/#\/schema\/logo\/image\/","url":"https:\/\/domaine-carriereaudier.fr\/wp-content\/uploads\/2021\/03\/Logo-CA-Recupere.jpg","contentUrl":"https:\/\/domaine-carriereaudier.fr\/wp-content\/uploads\/2021\/03\/Logo-CA-Recupere.jpg","width":430,"height":512,"caption":"Domaine Carriere Audier"},"image":{"@id":"https:\/\/domaine-carriereaudier.fr\/en\/#\/schema\/logo\/image\/"},"sameAs":["https:\/\/fr-fr.facebook.com\/pages\/category\/Winery-Vineyard\/Domaine-Carriere-Audier-1050958351756872\/","https:\/\/www.instagram.com\/domainecarriereaudier\/"]}]}},"_links":{"self":[{"href":"https:\/\/domaine-carriereaudier.fr\/en\/wp-json\/wp\/v2\/pages\/115","targetHints":{"allow":["GET"]}}],"collection":[{"href":"https:\/\/domaine-carriereaudier.fr\/en\/wp-json\/wp\/v2\/pages"}],"about":[{"href":"https:\/\/domaine-carriereaudier.fr\/en\/wp-json\/wp\/v2\/types\/page"}],"author":[{"embeddable":true,"href":"https:\/\/domaine-carriereaudier.fr\/en\/wp-json\/wp\/v2\/users\/1"}],"replies":[{"embeddable":true,"href":"https:\/\/domaine-carriereaudier.fr\/en\/wp-json\/wp\/v2\/comments?post=115"}],"version-history":[{"count":150,"href":"https:\/\/domaine-carriereaudier.fr\/en\/wp-json\/wp\/v2\/pages\/115\/revisions"}],"predecessor-version":[{"id":2444,"href":"https:\/\/domaine-carriereaudier.fr\/en\/wp-json\/wp\/v2\/pages\/115\/revisions\/2444"}],"wp:attachment":[{"href":"https:\/\/domaine-carriereaudier.fr\/en\/wp-json\/wp\/v2\/media?parent=115"}],"curies":[{"name":"wp","href":"https:\/\/api.w.org\/{rel}","templated":true}]}}