{"id":299,"date":"2021-03-08T11:29:44","date_gmt":"2021-03-08T10:29:44","guid":{"rendered":"http:\/\/domaine-carriereaudier.fr\/?page_id=299"},"modified":"2025-11-27T13:54:48","modified_gmt":"2025-11-27T12:54:48","slug":"muscat","status":"publish","type":"page","link":"https:\/\/domaine-carriereaudier.fr\/en\/muscat\/","title":{"rendered":"MUSCAT"},"content":{"rendered":"<div data-elementor-type=\"wp-page\" data-elementor-id=\"299\" class=\"elementor elementor-299\">\n\t\t\t\t\t\t\t\t\t<section class=\"elementor-section elementor-top-section elementor-element elementor-element-c70671f elementor-section-boxed elementor-section-height-default elementor-section-height-default\" data-id=\"c70671f\" data-element_type=\"section\" data-settings=\"{&quot;_ha_eqh_enable&quot;:false}\">\n\t\t\t\t\t\t<div class=\"elementor-container elementor-column-gap-default\">\n\t\t\t\t\t<div class=\"elementor-column elementor-col-100 elementor-top-column elementor-element elementor-element-75a4560\" data-id=\"75a4560\" data-element_type=\"column\">\n\t\t\t<div class=\"elementor-widget-wrap elementor-element-populated\">\n\t\t\t\t\t\t\t\t<div class=\"elementor-element elementor-element-b3f8a61 elementor-widget elementor-widget-heading\" data-id=\"b3f8a61\" data-element_type=\"widget\" data-widget_type=\"heading.default\">\n\t\t\t\t<div class=\"elementor-widget-container\">\n\t\t\t<h2 class=\"elementor-heading-title elementor-size-default\">MUSCAT<\/h2>\t\t<\/div>\n\t\t\t\t<\/div>\n\t\t\t\t\t<\/div>\n\t\t<\/div>\n\t\t\t\t\t\t\t<\/div>\n\t\t<\/section>\n\t\t\t\t<section class=\"elementor-section elementor-top-section elementor-element elementor-element-e7a7b65 elementor-section-boxed elementor-section-height-default elementor-section-height-default\" data-id=\"e7a7b65\" data-element_type=\"section\" data-settings=\"{&quot;_ha_eqh_enable&quot;:false}\">\n\t\t\t\t\t\t<div class=\"elementor-container elementor-column-gap-default\">\n\t\t\t\t\t<div class=\"elementor-column elementor-col-100 elementor-top-column elementor-element elementor-element-360584f\" data-id=\"360584f\" data-element_type=\"column\">\n\t\t\t<div class=\"elementor-widget-wrap elementor-element-populated\">\n\t\t\t\t\t\t\t\t<div class=\"elementor-element elementor-element-829acb3 elementor-widget elementor-widget-image\" data-id=\"829acb3\" data-element_type=\"widget\" data-widget_type=\"image.default\">\n\t\t\t\t<div class=\"elementor-widget-container\">\n\t\t\t\t\t\t\t\t\t\t\t\t\t\t\t<img decoding=\"async\" src=\"https:\/\/domaine-carriereaudier.fr\/wp-content\/uploads\/elementor\/thumbs\/Muscat-scaled-p4281str8d5rn7fex2p6pvjy0v28hlm35yvsmqrgbu.jpg\" title=\"Muscat\" alt=\"Muscat\" loading=\"lazy\" \/>\t\t\t\t\t\t\t\t\t\t\t\t\t\t\t<\/div>\n\t\t\t\t<\/div>\n\t\t\t\t\t<\/div>\n\t\t<\/div>\n\t\t\t\t\t\t\t<\/div>\n\t\t<\/section>\n\t\t\t\t<section class=\"elementor-section elementor-top-section elementor-element elementor-element-78ed9b1 elementor-section-boxed elementor-section-height-default elementor-section-height-default\" data-id=\"78ed9b1\" data-element_type=\"section\" data-settings=\"{&quot;_ha_eqh_enable&quot;:false}\">\n\t\t\t\t\t\t<div class=\"elementor-container elementor-column-gap-default\">\n\t\t\t\t\t<div class=\"elementor-column elementor-col-100 elementor-top-column elementor-element elementor-element-c578c64\" data-id=\"c578c64\" data-element_type=\"column\">\n\t\t\t<div class=\"elementor-widget-wrap elementor-element-populated\">\n\t\t\t\t\t\t\t\t<div class=\"elementor-element elementor-element-4e8bdb5 elementor-widget elementor-widget-spacer\" data-id=\"4e8bdb5\" data-element_type=\"widget\" data-widget_type=\"spacer.default\">\n\t\t\t\t<div class=\"elementor-widget-container\">\n\t\t\t\t\t<div class=\"elementor-spacer\">\n\t\t\t<div class=\"elementor-spacer-inner\"><\/div>\n\t\t<\/div>\n\t\t\t\t<\/div>\n\t\t\t\t<\/div>\n\t\t\t\t\t<\/div>\n\t\t<\/div>\n\t\t\t\t\t\t\t<\/div>\n\t\t<\/section>\n\t\t\t\t<section class=\"elementor-section elementor-top-section elementor-element elementor-element-515e5c4 elementor-section-boxed elementor-section-height-default elementor-section-height-default\" data-id=\"515e5c4\" data-element_type=\"section\" data-settings=\"{&quot;_ha_eqh_enable&quot;:false}\">\n\t\t\t\t\t\t<div class=\"elementor-container elementor-column-gap-default\">\n\t\t\t\t\t<div class=\"elementor-column elementor-col-100 elementor-top-column elementor-element elementor-element-d20e983\" data-id=\"d20e983\" data-element_type=\"column\">\n\t\t\t<div class=\"elementor-widget-wrap elementor-element-populated\">\n\t\t\t\t\t\t\t\t<div class=\"elementor-element elementor-element-18d8168 ha-css-transform-yes elementor-widget elementor-widget-heading\" data-id=\"18d8168\" data-element_type=\"widget\" data-widget_type=\"heading.default\">\n\t\t\t\t<div class=\"elementor-widget-container\">\n\t\t\t<h2 class=\"elementor-heading-title elementor-size-default\">MUSCAT<\/h2>\t\t<\/div>\n\t\t\t\t<\/div>\n\t\t\t\t\t<\/div>\n\t\t<\/div>\n\t\t\t\t\t\t\t<\/div>\n\t\t<\/section>\n\t\t\t\t<section class=\"elementor-section elementor-top-section elementor-element elementor-element-94a57e9 elementor-section-boxed elementor-section-height-default elementor-section-height-default\" data-id=\"94a57e9\" data-element_type=\"section\" data-settings=\"{&quot;_ha_eqh_enable&quot;:false}\">\n\t\t\t\t\t\t<div class=\"elementor-container elementor-column-gap-default\">\n\t\t\t\t\t<div class=\"elementor-column elementor-col-50 elementor-top-column elementor-element elementor-element-d997739\" data-id=\"d997739\" data-element_type=\"column\">\n\t\t\t<div class=\"elementor-widget-wrap elementor-element-populated\">\n\t\t\t\t\t\t\t\t<div class=\"elementor-element elementor-element-22f0043 elementor-widget elementor-widget-spacer\" data-id=\"22f0043\" data-element_type=\"widget\" data-widget_type=\"spacer.default\">\n\t\t\t\t<div class=\"elementor-widget-container\">\n\t\t\t\t\t<div class=\"elementor-spacer\">\n\t\t\t<div class=\"elementor-spacer-inner\"><\/div>\n\t\t<\/div>\n\t\t\t\t<\/div>\n\t\t\t\t<\/div>\n\t\t\t\t<div class=\"elementor-element elementor-element-3b76c2d elementor-widget elementor-widget-image\" data-id=\"3b76c2d\" data-element_type=\"widget\" data-settings=\"{&quot;motion_fx_motion_fx_scrolling&quot;:&quot;yes&quot;,&quot;motion_fx_translateX_effect&quot;:&quot;yes&quot;,&quot;motion_fx_translateX_direction&quot;:&quot;negative&quot;,&quot;motion_fx_translateX_speed&quot;:{&quot;unit&quot;:&quot;px&quot;,&quot;size&quot;:4,&quot;sizes&quot;:[]},&quot;motion_fx_translateX_affectedRange&quot;:{&quot;unit&quot;:&quot;%&quot;,&quot;size&quot;:&quot;&quot;,&quot;sizes&quot;:{&quot;start&quot;:0,&quot;end&quot;:100}},&quot;motion_fx_devices&quot;:[&quot;desktop&quot;,&quot;tablet&quot;,&quot;mobile&quot;]}\" data-widget_type=\"image.default\">\n\t\t\t\t<div class=\"elementor-widget-container\">\n\t\t\t\t\t\t\t\t\t\t\t\t\t\t\t<img fetchpriority=\"high\" decoding=\"async\" width=\"369\" height=\"1024\" src=\"https:\/\/domaine-carriereaudier.fr\/wp-content\/uploads\/2022\/03\/Domaine-Carriere-Audier-12-sur-13-1-369x1024.png\" class=\"elementor-animation-grow attachment-large size-large wp-image-1933\" alt=\"\" srcset=\"https:\/\/domaine-carriereaudier.fr\/wp-content\/uploads\/2022\/03\/Domaine-Carriere-Audier-12-sur-13-1-369x1024.png 369w, https:\/\/domaine-carriereaudier.fr\/wp-content\/uploads\/2022\/03\/Domaine-Carriere-Audier-12-sur-13-1-108x300.png 108w, https:\/\/domaine-carriereaudier.fr\/wp-content\/uploads\/2022\/03\/Domaine-Carriere-Audier-12-sur-13-1-768x2133.png 768w, https:\/\/domaine-carriereaudier.fr\/wp-content\/uploads\/2022\/03\/Domaine-Carriere-Audier-12-sur-13-1-553x1536.png 553w, https:\/\/domaine-carriereaudier.fr\/wp-content\/uploads\/2022\/03\/Domaine-Carriere-Audier-12-sur-13-1-738x2048.png 738w, https:\/\/domaine-carriereaudier.fr\/wp-content\/uploads\/2022\/03\/Domaine-Carriere-Audier-12-sur-13-1-4x12.png 4w, https:\/\/domaine-carriereaudier.fr\/wp-content\/uploads\/2022\/03\/Domaine-Carriere-Audier-12-sur-13-1-e1648652202953.png 200w\" sizes=\"(max-width: 369px) 100vw, 369px\" \/>\t\t\t\t\t\t\t\t\t\t\t\t\t\t\t<\/div>\n\t\t\t\t<\/div>\n\t\t\t\t\t<\/div>\n\t\t<\/div>\n\t\t\t\t<div class=\"elementor-column elementor-col-50 elementor-top-column elementor-element elementor-element-f07152a\" data-id=\"f07152a\" data-element_type=\"column\">\n\t\t\t<div class=\"elementor-widget-wrap elementor-element-populated\">\n\t\t\t\t\t\t\t\t<div class=\"elementor-element elementor-element-2687a3c elementor-widget elementor-widget-spacer\" data-id=\"2687a3c\" data-element_type=\"widget\" data-widget_type=\"spacer.default\">\n\t\t\t\t<div class=\"elementor-widget-container\">\n\t\t\t\t\t<div class=\"elementor-spacer\">\n\t\t\t<div class=\"elementor-spacer-inner\"><\/div>\n\t\t<\/div>\n\t\t\t\t<\/div>\n\t\t\t\t<\/div>\n\t\t\t\t<div class=\"elementor-element elementor-element-d44885e elementor-widget elementor-widget-text-editor\" data-id=\"d44885e\" data-element_type=\"widget\" data-widget_type=\"text-editor.default\">\n\t\t\t\t<div class=\"elementor-widget-container\">\n\t\t\t\t\t\t\t<p>\u00a0 <span style=\"text-decoration: underline;\"><strong>MUSCAT<\/strong><\/span><\/p><p>\u00a0 <strong>APPELLATION<\/strong> : VIN DE FRANCE<\/p><p>\u00a0<span style=\"font-size: 1rem;\">\u00a0<\/span><\/p><p>\u00a0<strong> C\u00c9PAGE<\/strong> : 100% muscat petit grain<\/p><p>\u00a0 <strong>VINIFICATION<\/strong> : Vinification traditionnelle, longue mac\u00e9ration. Mo\u00fbt de \u00a0raisins ferment\u00e9 issu de vendanges passerill\u00e9es.\u00a0<\/p><p>\u00a0 <strong>D\u00c9GUSTATION<\/strong> : Robe jaune or aux reflets de paille. Attaque fra\u00eeche sur \u00a0des notes de fruits exotiques puis son caract\u00e8re miell\u00e9 occupe la fin de \u00a0la d\u00e9gustation.\u00a0<\/p><p>\u00a0A consommer \u00e0 l&rsquo;ap\u00e9ritif, sur un foie gras, des fromages \u00e0 p\u00e2tes \u00a0persill\u00e9es, des fraises ou un dessert chocolat\u00e9.\u00a0<\/p>\t\t\t\t\t\t<\/div>\n\t\t\t\t<\/div>\n\t\t\t\t<div class=\"elementor-element elementor-element-47c16dd elementor-view-default elementor-position-top elementor-mobile-position-top elementor-widget elementor-widget-icon-box\" data-id=\"47c16dd\" data-element_type=\"widget\" data-widget_type=\"icon-box.default\">\n\t\t\t\t<div class=\"elementor-widget-container\">\n\t\t\t\t\t<div class=\"elementor-icon-box-wrapper\">\n\t\t\t\t\t\t<div class=\"elementor-icon-box-icon\">\n\t\t\t\t<a href=\"https:\/\/domaine-carriereaudier.fr\/wp-content\/uploads\/2024\/03\/FT-muscat.pdf\" target=\"_blank\" class=\"elementor-icon elementor-animation-\" tabindex=\"-1\">\n\t\t\t\t<i aria-hidden=\"true\" class=\"fas fa-file-pdf\"><\/i>\t\t\t\t<\/a>\n\t\t\t<\/div>\n\t\t\t\t\t\t<div class=\"elementor-icon-box-content\">\n\t\t\t\t<h3 class=\"elementor-icon-box-title\">\n\t\t\t\t\t<a href=\"https:\/\/domaine-carriereaudier.fr\/wp-content\/uploads\/2024\/03\/FT-muscat.pdf\" target=\"_blank\" >\n\t\t\t\t\t\t\t\t\t\t\t<\/a>\n\t\t\t\t<\/h3>\n\t\t\t\t\t\t\t\t\t<p class=\"elementor-icon-box-description\">\n\t\t\t\t\t\tVous pouvez t\u00e9l\u00e9charger en PDF la fiche technique de ce vin.\t\t\t\t\t<\/p>\n\t\t\t\t\t\t\t<\/div>\n\t\t<\/div>\n\t\t\t\t<\/div>\n\t\t\t\t<\/div>\n\t\t\t\t\t<\/div>\n\t\t<\/div>\n\t\t\t\t\t\t\t<\/div>\n\t\t<\/section>\n\t\t\t\t<section class=\"elementor-section elementor-top-section elementor-element elementor-element-027eab8 elementor-section-boxed elementor-section-height-default elementor-section-height-default\" data-id=\"027eab8\" data-element_type=\"section\" data-settings=\"{&quot;_ha_eqh_enable&quot;:false}\">\n\t\t\t\t\t\t<div class=\"elementor-container elementor-column-gap-default\">\n\t\t\t\t\t<div class=\"elementor-column elementor-col-100 elementor-top-column elementor-element elementor-element-7bc38e6\" data-id=\"7bc38e6\" data-element_type=\"column\">\n\t\t\t<div class=\"elementor-widget-wrap elementor-element-populated\">\n\t\t\t\t\t\t\t\t<div class=\"elementor-element elementor-element-245c440 elementor-widget elementor-widget-spacer\" data-id=\"245c440\" data-element_type=\"widget\" data-widget_type=\"spacer.default\">\n\t\t\t\t<div class=\"elementor-widget-container\">\n\t\t\t\t\t<div class=\"elementor-spacer\">\n\t\t\t<div class=\"elementor-spacer-inner\"><\/div>\n\t\t<\/div>\n\t\t\t\t<\/div>\n\t\t\t\t<\/div>\n\t\t\t\t\t<\/div>\n\t\t<\/div>\n\t\t\t\t\t\t\t<\/div>\n\t\t<\/section>\n\t\t\t\t\t\t\t<\/div>","protected":false},"excerpt":{"rendered":"<p>MUSCAT MUSCAT \u00a0 MUSCAT \u00a0 APPELLATION : VIN DE FRANCE \u00a0\u00a0 \u00a0 C\u00c9PAGE : 100% muscat petit grain \u00a0 VINIFICATION : Vinification traditionnelle, longue mac\u00e9ration. Mo\u00fbt de \u00a0raisins ferment\u00e9 issu de vendanges passerill\u00e9es.\u00a0 \u00a0 D\u00c9GUSTATION : Robe jaune or aux reflets de paille. Attaque fra\u00eeche sur \u00a0des notes de fruits exotiques puis son caract\u00e8re miell\u00e9 [&hellip;]<\/p>","protected":false},"author":1,"featured_media":0,"parent":0,"menu_order":0,"comment_status":"closed","ping_status":"closed","template":"elementor_header_footer","meta":{"footnotes":""},"class_list":["post-299","page","type-page","status-publish","hentry"],"yoast_head":"<!-- This site is optimized with the Yoast SEO plugin v24.9 - https:\/\/yoast.com\/wordpress\/plugins\/seo\/ -->\n<title>MUSCAT -<\/title>\n<meta name=\"robots\" content=\"index, follow, max-snippet:-1, max-image-preview:large, max-video-preview:-1\" \/>\n<link rel=\"canonical\" href=\"https:\/\/domaine-carriereaudier.fr\/en\/muscat\/\" \/>\n<meta property=\"og:locale\" content=\"en_GB\" \/>\n<meta property=\"og:type\" content=\"article\" \/>\n<meta property=\"og:title\" content=\"MUSCAT -\" \/>\n<meta property=\"og:description\" content=\"MUSCAT MUSCAT \u00a0 MUSCAT \u00a0 APPELLATION : VIN DE FRANCE \u00a0\u00a0 \u00a0 C\u00c9PAGE : 100% muscat petit grain \u00a0 VINIFICATION : Vinification traditionnelle, longue mac\u00e9ration. Mo\u00fbt de \u00a0raisins ferment\u00e9 issu de vendanges passerill\u00e9es.\u00a0 \u00a0 D\u00c9GUSTATION : Robe jaune or aux reflets de paille. Attaque fra\u00eeche sur \u00a0des notes de fruits exotiques puis son caract\u00e8re miell\u00e9 [&hellip;]\" \/>\n<meta property=\"og:url\" content=\"https:\/\/domaine-carriereaudier.fr\/en\/muscat\/\" \/>\n<meta property=\"article:publisher\" content=\"https:\/\/fr-fr.facebook.com\/pages\/category\/Winery-Vineyard\/Domaine-Carriere-Audier-1050958351756872\/\" \/>\n<meta property=\"article:modified_time\" content=\"2025-11-27T12:54:48+00:00\" \/>\n<meta property=\"og:image\" content=\"https:\/\/domaine-carriereaudier.fr\/wp-content\/uploads\/elementor\/thumbs\/Muscat-scaled-p4281str8d5rn7fex2p6pvjy0v28hlm35yvsmqrgbu.jpg\" \/>\n<meta name=\"twitter:label1\" content=\"Estimated reading time\" \/>\n\t<meta name=\"twitter:data1\" content=\"1 minute\" \/>\n<script type=\"application\/ld+json\" class=\"yoast-schema-graph\">{\"@context\":\"https:\/\/schema.org\",\"@graph\":[{\"@type\":\"WebPage\",\"@id\":\"https:\/\/domaine-carriereaudier.fr\/muscat\/\",\"url\":\"https:\/\/domaine-carriereaudier.fr\/muscat\/\",\"name\":\"MUSCAT -\",\"isPartOf\":{\"@id\":\"https:\/\/domaine-carriereaudier.fr\/en\/#website\"},\"primaryImageOfPage\":{\"@id\":\"https:\/\/domaine-carriereaudier.fr\/muscat\/#primaryimage\"},\"image\":{\"@id\":\"https:\/\/domaine-carriereaudier.fr\/muscat\/#primaryimage\"},\"thumbnailUrl\":\"https:\/\/domaine-carriereaudier.fr\/wp-content\/uploads\/elementor\/thumbs\/Muscat-scaled-p4281str8d5rn7fex2p6pvjy0v28hlm35yvsmqrgbu.jpg\",\"datePublished\":\"2021-03-08T10:29:44+00:00\",\"dateModified\":\"2025-11-27T12:54:48+00:00\",\"breadcrumb\":{\"@id\":\"https:\/\/domaine-carriereaudier.fr\/muscat\/#breadcrumb\"},\"inLanguage\":\"en-GB\",\"potentialAction\":[{\"@type\":\"ReadAction\",\"target\":[\"https:\/\/domaine-carriereaudier.fr\/muscat\/\"]}]},{\"@type\":\"ImageObject\",\"inLanguage\":\"en-GB\",\"@id\":\"https:\/\/domaine-carriereaudier.fr\/muscat\/#primaryimage\",\"url\":\"https:\/\/domaine-carriereaudier.fr\/wp-content\/uploads\/elementor\/thumbs\/Muscat-scaled-p4281str8d5rn7fex2p6pvjy0v28hlm35yvsmqrgbu.jpg\",\"contentUrl\":\"https:\/\/domaine-carriereaudier.fr\/wp-content\/uploads\/elementor\/thumbs\/Muscat-scaled-p4281str8d5rn7fex2p6pvjy0v28hlm35yvsmqrgbu.jpg\"},{\"@type\":\"BreadcrumbList\",\"@id\":\"https:\/\/domaine-carriereaudier.fr\/muscat\/#breadcrumb\",\"itemListElement\":[{\"@type\":\"ListItem\",\"position\":1,\"name\":\"Accueil\",\"item\":\"https:\/\/domaine-carriereaudier.fr\/\"},{\"@type\":\"ListItem\",\"position\":2,\"name\":\"MUSCAT\"}]},{\"@type\":\"WebSite\",\"@id\":\"https:\/\/domaine-carriereaudier.fr\/en\/#website\",\"url\":\"https:\/\/domaine-carriereaudier.fr\/en\/\",\"name\":\"\",\"description\":\"\",\"publisher\":{\"@id\":\"https:\/\/domaine-carriereaudier.fr\/en\/#organization\"},\"potentialAction\":[{\"@type\":\"SearchAction\",\"target\":{\"@type\":\"EntryPoint\",\"urlTemplate\":\"https:\/\/domaine-carriereaudier.fr\/en\/?s={search_term_string}\"},\"query-input\":{\"@type\":\"PropertyValueSpecification\",\"valueRequired\":true,\"valueName\":\"search_term_string\"}}],\"inLanguage\":\"en-GB\"},{\"@type\":\"Organization\",\"@id\":\"https:\/\/domaine-carriereaudier.fr\/en\/#organization\",\"name\":\"Domaine Carriere Audier\",\"url\":\"https:\/\/domaine-carriereaudier.fr\/en\/\",\"logo\":{\"@type\":\"ImageObject\",\"inLanguage\":\"en-GB\",\"@id\":\"https:\/\/domaine-carriereaudier.fr\/en\/#\/schema\/logo\/image\/\",\"url\":\"https:\/\/domaine-carriereaudier.fr\/wp-content\/uploads\/2021\/03\/Logo-CA-Recupere.jpg\",\"contentUrl\":\"https:\/\/domaine-carriereaudier.fr\/wp-content\/uploads\/2021\/03\/Logo-CA-Recupere.jpg\",\"width\":430,\"height\":512,\"caption\":\"Domaine Carriere Audier\"},\"image\":{\"@id\":\"https:\/\/domaine-carriereaudier.fr\/en\/#\/schema\/logo\/image\/\"},\"sameAs\":[\"https:\/\/fr-fr.facebook.com\/pages\/category\/Winery-Vineyard\/Domaine-Carriere-Audier-1050958351756872\/\",\"https:\/\/www.instagram.com\/domainecarriereaudier\/\"]}]}<\/script>\n<!-- \/ Yoast SEO plugin. -->","yoast_head_json":{"title":"MUSCAT -","robots":{"index":"index","follow":"follow","max-snippet":"max-snippet:-1","max-image-preview":"max-image-preview:large","max-video-preview":"max-video-preview:-1"},"canonical":"https:\/\/domaine-carriereaudier.fr\/en\/muscat\/","og_locale":"en_GB","og_type":"article","og_title":"MUSCAT -","og_description":"MUSCAT MUSCAT \u00a0 MUSCAT \u00a0 APPELLATION : VIN DE FRANCE \u00a0\u00a0 \u00a0 C\u00c9PAGE : 100% muscat petit grain \u00a0 VINIFICATION : Vinification traditionnelle, longue mac\u00e9ration. Mo\u00fbt de \u00a0raisins ferment\u00e9 issu de vendanges passerill\u00e9es.\u00a0 \u00a0 D\u00c9GUSTATION : Robe jaune or aux reflets de paille. Attaque fra\u00eeche sur \u00a0des notes de fruits exotiques puis son caract\u00e8re miell\u00e9 [&hellip;]","og_url":"https:\/\/domaine-carriereaudier.fr\/en\/muscat\/","article_publisher":"https:\/\/fr-fr.facebook.com\/pages\/category\/Winery-Vineyard\/Domaine-Carriere-Audier-1050958351756872\/","article_modified_time":"2025-11-27T12:54:48+00:00","og_image":[{"url":"https:\/\/domaine-carriereaudier.fr\/wp-content\/uploads\/elementor\/thumbs\/Muscat-scaled-p4281str8d5rn7fex2p6pvjy0v28hlm35yvsmqrgbu.jpg","type":"","width":"","height":""}],"twitter_misc":{"Estimated reading time":"1 minute"},"schema":{"@context":"https:\/\/schema.org","@graph":[{"@type":"WebPage","@id":"https:\/\/domaine-carriereaudier.fr\/muscat\/","url":"https:\/\/domaine-carriereaudier.fr\/muscat\/","name":"MUSCAT -","isPartOf":{"@id":"https:\/\/domaine-carriereaudier.fr\/en\/#website"},"primaryImageOfPage":{"@id":"https:\/\/domaine-carriereaudier.fr\/muscat\/#primaryimage"},"image":{"@id":"https:\/\/domaine-carriereaudier.fr\/muscat\/#primaryimage"},"thumbnailUrl":"https:\/\/domaine-carriereaudier.fr\/wp-content\/uploads\/elementor\/thumbs\/Muscat-scaled-p4281str8d5rn7fex2p6pvjy0v28hlm35yvsmqrgbu.jpg","datePublished":"2021-03-08T10:29:44+00:00","dateModified":"2025-11-27T12:54:48+00:00","breadcrumb":{"@id":"https:\/\/domaine-carriereaudier.fr\/muscat\/#breadcrumb"},"inLanguage":"en-GB","potentialAction":[{"@type":"ReadAction","target":["https:\/\/domaine-carriereaudier.fr\/muscat\/"]}]},{"@type":"ImageObject","inLanguage":"en-GB","@id":"https:\/\/domaine-carriereaudier.fr\/muscat\/#primaryimage","url":"https:\/\/domaine-carriereaudier.fr\/wp-content\/uploads\/elementor\/thumbs\/Muscat-scaled-p4281str8d5rn7fex2p6pvjy0v28hlm35yvsmqrgbu.jpg","contentUrl":"https:\/\/domaine-carriereaudier.fr\/wp-content\/uploads\/elementor\/thumbs\/Muscat-scaled-p4281str8d5rn7fex2p6pvjy0v28hlm35yvsmqrgbu.jpg"},{"@type":"BreadcrumbList","@id":"https:\/\/domaine-carriereaudier.fr\/muscat\/#breadcrumb","itemListElement":[{"@type":"ListItem","position":1,"name":"Accueil","item":"https:\/\/domaine-carriereaudier.fr\/"},{"@type":"ListItem","position":2,"name":"MUSCAT"}]},{"@type":"WebSite","@id":"https:\/\/domaine-carriereaudier.fr\/en\/#website","url":"https:\/\/domaine-carriereaudier.fr\/en\/","name":"","description":"","publisher":{"@id":"https:\/\/domaine-carriereaudier.fr\/en\/#organization"},"potentialAction":[{"@type":"SearchAction","target":{"@type":"EntryPoint","urlTemplate":"https:\/\/domaine-carriereaudier.fr\/en\/?s={search_term_string}"},"query-input":{"@type":"PropertyValueSpecification","valueRequired":true,"valueName":"search_term_string"}}],"inLanguage":"en-GB"},{"@type":"Organization","@id":"https:\/\/domaine-carriereaudier.fr\/en\/#organization","name":"Domaine Carriere Audier","url":"https:\/\/domaine-carriereaudier.fr\/en\/","logo":{"@type":"ImageObject","inLanguage":"en-GB","@id":"https:\/\/domaine-carriereaudier.fr\/en\/#\/schema\/logo\/image\/","url":"https:\/\/domaine-carriereaudier.fr\/wp-content\/uploads\/2021\/03\/Logo-CA-Recupere.jpg","contentUrl":"https:\/\/domaine-carriereaudier.fr\/wp-content\/uploads\/2021\/03\/Logo-CA-Recupere.jpg","width":430,"height":512,"caption":"Domaine Carriere Audier"},"image":{"@id":"https:\/\/domaine-carriereaudier.fr\/en\/#\/schema\/logo\/image\/"},"sameAs":["https:\/\/fr-fr.facebook.com\/pages\/category\/Winery-Vineyard\/Domaine-Carriere-Audier-1050958351756872\/","https:\/\/www.instagram.com\/domainecarriereaudier\/"]}]}},"_links":{"self":[{"href":"https:\/\/domaine-carriereaudier.fr\/en\/wp-json\/wp\/v2\/pages\/299","targetHints":{"allow":["GET"]}}],"collection":[{"href":"https:\/\/domaine-carriereaudier.fr\/en\/wp-json\/wp\/v2\/pages"}],"about":[{"href":"https:\/\/domaine-carriereaudier.fr\/en\/wp-json\/wp\/v2\/types\/page"}],"author":[{"embeddable":true,"href":"https:\/\/domaine-carriereaudier.fr\/en\/wp-json\/wp\/v2\/users\/1"}],"replies":[{"embeddable":true,"href":"https:\/\/domaine-carriereaudier.fr\/en\/wp-json\/wp\/v2\/comments?post=299"}],"version-history":[{"count":73,"href":"https:\/\/domaine-carriereaudier.fr\/en\/wp-json\/wp\/v2\/pages\/299\/revisions"}],"predecessor-version":[{"id":2419,"href":"https:\/\/domaine-carriereaudier.fr\/en\/wp-json\/wp\/v2\/pages\/299\/revisions\/2419"}],"wp:attachment":[{"href":"https:\/\/domaine-carriereaudier.fr\/en\/wp-json\/wp\/v2\/media?parent=299"}],"curies":[{"name":"wp","href":"https:\/\/api.w.org\/{rel}","templated":true}]}}