{"id":701,"date":"2021-03-11T16:34:19","date_gmt":"2021-03-11T15:34:19","guid":{"rendered":"http:\/\/domaine-carriereaudier.fr\/?page_id=701"},"modified":"2021-03-24T18:51:08","modified_gmt":"2021-03-24T17:51:08","slug":"rgpd","status":"publish","type":"page","link":"https:\/\/domaine-carriereaudier.fr\/en\/rgpd\/","title":{"rendered":"RGPD"},"content":{"rendered":"<div data-elementor-type=\"wp-page\" data-elementor-id=\"701\" class=\"elementor elementor-701\">\n\t\t\t\t\t\t\t\t\t<section class=\"elementor-section elementor-top-section elementor-element elementor-element-82cebc3 elementor-section-boxed elementor-section-height-default elementor-section-height-default\" data-id=\"82cebc3\" data-element_type=\"section\" data-settings=\"{&quot;_ha_eqh_enable&quot;:false}\">\n\t\t\t\t\t\t<div class=\"elementor-container elementor-column-gap-default\">\n\t\t\t\t\t<div class=\"elementor-column elementor-col-100 elementor-top-column elementor-element elementor-element-2255922\" data-id=\"2255922\" data-element_type=\"column\">\n\t\t\t<div class=\"elementor-widget-wrap elementor-element-populated\">\n\t\t\t\t\t\t\t\t<div class=\"elementor-element elementor-element-b29e9a6 elementor-widget elementor-widget-heading\" data-id=\"b29e9a6\" data-element_type=\"widget\" data-widget_type=\"heading.default\">\n\t\t\t\t<div class=\"elementor-widget-container\">\n\t\t\t<h2 class=\"elementor-heading-title elementor-size-default\">R\u00e8glement G\u00e9n\u00e9ral sur la Protection des Donn\u00e9es (RGPD)\n<\/h2>\t\t<\/div>\n\t\t\t\t<\/div>\n\t\t\t\t\t<\/div>\n\t\t<\/div>\n\t\t\t\t\t\t\t<\/div>\n\t\t<\/section>\n\t\t\t\t<section class=\"elementor-section elementor-top-section elementor-element elementor-element-73be0b4 elementor-section-boxed elementor-section-height-default elementor-section-height-default\" data-id=\"73be0b4\" data-element_type=\"section\" data-settings=\"{&quot;_ha_eqh_enable&quot;:false}\">\n\t\t\t\t\t\t<div class=\"elementor-container elementor-column-gap-default\">\n\t\t\t\t\t<div class=\"elementor-column elementor-col-100 elementor-top-column elementor-element elementor-element-4c982d7\" data-id=\"4c982d7\" data-element_type=\"column\">\n\t\t\t<div class=\"elementor-widget-wrap\">\n\t\t\t\t\t\t\t\t\t<\/div>\n\t\t<\/div>\n\t\t\t\t\t\t\t<\/div>\n\t\t<\/section>\n\t\t\t\t<section class=\"elementor-section elementor-top-section elementor-element elementor-element-b2b157d elementor-section-boxed elementor-section-height-default elementor-section-height-default\" data-id=\"b2b157d\" data-element_type=\"section\" data-settings=\"{&quot;_ha_eqh_enable&quot;:false}\">\n\t\t\t\t\t\t<div class=\"elementor-container elementor-column-gap-default\">\n\t\t\t\t\t<div class=\"elementor-column elementor-col-100 elementor-top-column elementor-element elementor-element-604a223\" data-id=\"604a223\" data-element_type=\"column\">\n\t\t\t<div class=\"elementor-widget-wrap elementor-element-populated\">\n\t\t\t\t\t\t\t\t<div class=\"elementor-element elementor-element-f1f8942 elementor-widget elementor-widget-text-editor\" data-id=\"f1f8942\" data-element_type=\"widget\" data-widget_type=\"text-editor.default\">\n\t\t\t\t<div class=\"elementor-widget-container\">\n\t\t\t\t\t\t\t<p>La pr\u00e9sente politique de protection des donn\u00e9es \u00e0 caract\u00e8re personnel d\u00e9finit les pratiques de la soci\u00e9t\u00e9 EURL CARRIERE AUDIER<span class=\"Apple-converted-space\">\u00a0 <\/span>en mati\u00e8re de protection des donn\u00e9es \u00e0 caract\u00e8re personnel susceptibles d\u2019\u00eatre collect\u00e9es sur son site Internet www.domaine-carriereaudier.fr<\/p>\n<p>COLLECTE DES DONN\u00c9ES \u00c0 CARACT\u00c8RE PERSONNEL VIA LE SITE INTERNET<\/p>\n<p>Les donn\u00e9es \u00e0 caract\u00e8re personnel des utilisateurs sont collect\u00e9es lorsque l\u2019utilisateur compl\u00e8te la case \u00ab NEWSLETTER \u00bb et pour toute utilisation par lui des services du site Internet.<\/p>\n<p>Des informations concernant l\u2019utilisateur peuvent \u00e9galement \u00eatre collect\u00e9es lorsque ce dernier navigue sur le site Internet et ce, gr\u00e2ce \u00e0 l\u2019utilisation d\u2019outils de collecte d&rsquo;informations couramment utilis\u00e9s, tels que les cookies.<\/p>\n<p>UTILISATION DES DONN\u00c9ES \u00c0 CARACT\u00c8RE PERSONNEL<\/p>\n<p>Responsable du traitement des donn\u00e9es \u00e0 caract\u00e8re personnel et finalit\u00e9s pour lesquelles les donn\u00e9es sont collect\u00e9es<\/p>\n<p>La soci\u00e9t\u00e9 EURL CARRIERE AUDIER est le responsable du traitement des donn\u00e9es collect\u00e9es sur le site Internet.<span class=\"Apple-converted-space\">\u00a0<\/span><\/p>\n<p>Les donn\u00e9es \u00e0 caract\u00e8re personnel utilis\u00e9es par la soci\u00e9t\u00e9 EURL CARRIERE AUDIER sont destin\u00e9es \u00e0 permettre l\u2019administration du site Internet et \u00e0 en faciliter la navigation.<span class=\"Apple-converted-space\">\u00a0<\/span><\/p>\n<p>Destinataires des donn\u00e9es collect\u00e9es et transfert<\/p>\n<p>Les donn\u00e9es collect\u00e9es sont destin\u00e9es \u00e0 la soci\u00e9t\u00e9 EURL CARRIERE AUDIER.<\/p>\n<p>En aucun cas, les donn\u00e9es recueillies sur le site Internet www.domaine-carriereaudier.fr ne seront c\u00e9d\u00e9es \u00e0 des tiers par la soci\u00e9t\u00e9 EURL CARRIERE AUDIER.<\/p>\n<p>DUR\u00c9E DE CONSERVATION DES DONN\u00c9ES \u00c0 CARACT\u00c8RE PERSONNEL<\/p>\n<p>Les donn\u00e9es \u00e0 caract\u00e8re personnel sont conserv\u00e9es par la soci\u00e9t\u00e9 EURL CARRIERE AUDIER pendant une dur\u00e9e de 6 mois apr\u00e8s la d\u00e9sinscription de l\u2019utilisateur de la \u00ab NEWSLETTER \u00bb.<\/p>\n<p>DROITS DE L\u2019UTILISATEUR SUR SES DONN\u00c9ES \u00c0 CARACT\u00c8RE PERSONNEL<\/p>\n<p>Conform\u00e9ment \u00e0 la Loi n\u00b078-17 du 6 janvier 1978 et au R\u00e8glement (UE) 2016\/679 du Parlement Europ\u00e9en et du Conseil du 27 avril 2016, l\u2019utilisateur dispose d\u2019un droit d\u2019information, d\u2019acc\u00e8s, de rectification, d\u2019effacement, de limitation et de portabilit\u00e9 de ses donn\u00e9es \u00e0 caract\u00e8re personnel.<\/p>\n<p>L\u2019utilisateur dispose \u00e9galement d\u2019un droit d\u2019opposition au traitement de ses donn\u00e9es \u00e0 caract\u00e8re personnel pour motif l\u00e9gitime.<\/p>\n<p>Ces droits peuvent s\u2019exercer en ligne en adressant un email \u00e0 carriereaudier@gmail.com ou par courrier \u00e0 l\u2019adresse postale :<\/p>\n<p>DOMAINE ARRIERE AUDIER<\/p>\n<p>3 Route ST Martin<\/p>\n<p>34390 VIEUSSAN<\/p>\n<p>COOKIES<\/p>\n<p>FONCTIONS DES COOKIES<\/p>\n<p>La soci\u00e9t\u00e9 EURL CARRIERE AUDIER peut utiliser des cookies dans les cas suivants :<\/p>\n<p>* Afin de permettre au site Internet de fonctionner.<\/p>\n<p>* Pour mesurer et analyser l\u2019activit\u00e9 effectu\u00e9e sur le site Internet et le recours aux services mis \u00e0 disposition sur ces derniers, et ce, pour le bon d\u00e9roulement de son activit\u00e9 et aux fins d\u2019am\u00e9liorer ces services en fonction de param\u00e8tres tels que le nombre d&rsquo;utilisateurs visitant ou utilisant lesdits services, les pages visit\u00e9es, le caract\u00e8re nouveau ou r\u00e9current des visiteurs, les fonctionnalit\u00e9s et les contenus de ces services qui ont le plus int\u00e9ress\u00e9 les visiteurs et la fa\u00e7on dont ces services fonctionnent sur le plan technique (rapidit\u00e9 avec laquelle les contenus se t\u00e9l\u00e9chargent et fr\u00e9quence des probl\u00e8mes techniques). La soci\u00e9t\u00e9 EURL CARRIERE AUDIER ou tout fournisseur d\u2019\u00e9quipement de mesure et de services analytiques peut transmettre des donn\u00e9es non-personnellement identifiables \u00e0 des tiers.<\/p>\n<p>GESTION, BLOCAGE ET SUPPRESSION DES COOKIES<\/p>\n<p>G\u00e9n\u00e9ralement, les navigateurs Internet contiennent des fonctions de gestion des cookies. Ces fonctions peuvent permettre \u00e0 l\u2019utilisateur de supprimer des cookies ou d&rsquo;accepter ou de rejeter certaines cat\u00e9gories de cookies.<\/p>\n<p>L\u2019utilisateur pourrait \u00eatre en mesure de g\u00e9rer d&rsquo;autres (non-cookie) technologies de suivi via les sites Internet des entreprises qui fournissent ces technologies ou via le syst\u00e8me d&rsquo;exploitation de son appareil mobile.<\/p>\n<p>La soci\u00e9t\u00e9 EURL CARRIERE AUDIER invite l\u2019utilisateur \u00e0 consulter la section \u00ab Aide \u00bb de son navigateur ou le site Internet du fournisseur de son mat\u00e9riel informatique, de son logiciel ou de son syst\u00e8me d&rsquo;exploitation pour de plus amples informations.<\/p>\n<p>Voici des guides de tiers sur la gestion des cookies sur :<\/p>\n<p>\u2022 Firefox<\/p>\n<p>\u2022 Chrome<\/p>\n<p>\u2022 Internet Explorer<\/p>\n<p>\u2022 Edge<\/p>\n<p>\u2022 Safari<\/p>\n<p>Si votre navigateur n&rsquo;est pas list\u00e9 ici, nous vous recommandons une recherche Google en utilisant des termes tels que \u00ab G\u00e9rer les cookies \u00bb suivi du nom du navigateur.<\/p>\n<p>Pour en savoir plus sur les cookies, l\u2019utilisateur peut \u00e9galement visiter la page http:\/\/www.cnil.fr\/vos-droits\/vos-traces\/les-cookies\/ laquelle contient des informations suppl\u00e9mentaires utiles concernant les cookies et le moyen de les bloquer selon le type de navigateur utilis\u00e9. Si l\u2019utilisateur rejette ou supprime les cookies, les caract\u00e9ristiques et les fonctions connexes du site Internet peuvent ne pas \u00eatre disponibles et sa performance habituelle peut \u00eatre compromise.<\/p>\n<p>MODIFICATIONS DE LA PR\u00c9SENTE D\u00c9CLARATION DE PROTECTION DES DONN\u00c9ES<\/p>\n<p>La soci\u00e9t\u00e9 EURL CARRIERE AUDIER est susceptible de modifier r\u00e9guli\u00e8rement la pr\u00e9sente politique de protection de donn\u00e9es \u00e0 caract\u00e8re personnel.<\/p>\n<p>La soci\u00e9t\u00e9 EURL CARRIERE AUDIER notifiera tout changement important de sa politique de protection de donn\u00e9es \u00e0 caract\u00e8re personnel au moins trente (30) jours ouvrables avant la prise d\u2019effet dudit changement.<\/p>\n<p><img decoding=\"async\" id=\"hola-icon-globe\" style=\"top: 170px; left: 178px;\" src=\"safari-extension:\/\/DB02B372-9E67-4853-8492-1FA18E4BD445\/f0d162c9\/iconGlobeBlack.png\" \/><\/p>\t\t\t\t\t\t<\/div>\n\t\t\t\t<\/div>\n\t\t\t\t\t<\/div>\n\t\t<\/div>\n\t\t\t\t\t\t\t<\/div>\n\t\t<\/section>\n\t\t\t\t\t\t\t<\/div>","protected":false},"excerpt":{"rendered":"<p>R\u00e8glement G\u00e9n\u00e9ral sur la Protection des Donn\u00e9es (RGPD) La pr\u00e9sente politique de protection des donn\u00e9es \u00e0 caract\u00e8re personnel d\u00e9finit les pratiques de la soci\u00e9t\u00e9 EURL CARRIERE AUDIER\u00a0 en mati\u00e8re de protection des donn\u00e9es \u00e0 caract\u00e8re personnel susceptibles d\u2019\u00eatre collect\u00e9es sur son site Internet www.domaine-carriereaudier.fr COLLECTE DES DONN\u00c9ES \u00c0 CARACT\u00c8RE PERSONNEL VIA LE SITE INTERNET Les [&hellip;]<\/p>","protected":false},"author":1,"featured_media":0,"parent":0,"menu_order":0,"comment_status":"closed","ping_status":"closed","template":"elementor_header_footer","meta":{"footnotes":""},"class_list":["post-701","page","type-page","status-publish","hentry"],"yoast_head":"<!-- This site is optimized with the Yoast SEO plugin v24.9 - https:\/\/yoast.com\/wordpress\/plugins\/seo\/ -->\n<title>RGPD -<\/title>\n<meta name=\"robots\" content=\"index, follow, max-snippet:-1, max-image-preview:large, max-video-preview:-1\" \/>\n<link rel=\"canonical\" href=\"https:\/\/domaine-carriereaudier.fr\/en\/rgpd\/\" \/>\n<meta property=\"og:locale\" content=\"en_GB\" \/>\n<meta property=\"og:type\" content=\"article\" \/>\n<meta property=\"og:title\" content=\"RGPD -\" \/>\n<meta property=\"og:description\" content=\"R\u00e8glement G\u00e9n\u00e9ral sur la Protection des Donn\u00e9es (RGPD) La pr\u00e9sente politique de protection des donn\u00e9es \u00e0 caract\u00e8re personnel d\u00e9finit les pratiques de la soci\u00e9t\u00e9 EURL CARRIERE AUDIER\u00a0 en mati\u00e8re de protection des donn\u00e9es \u00e0 caract\u00e8re personnel susceptibles d\u2019\u00eatre collect\u00e9es sur son site Internet www.domaine-carriereaudier.fr COLLECTE DES DONN\u00c9ES \u00c0 CARACT\u00c8RE PERSONNEL VIA LE SITE INTERNET Les [&hellip;]\" \/>\n<meta property=\"og:url\" content=\"https:\/\/domaine-carriereaudier.fr\/en\/rgpd\/\" \/>\n<meta property=\"article:publisher\" content=\"https:\/\/fr-fr.facebook.com\/pages\/category\/Winery-Vineyard\/Domaine-Carriere-Audier-1050958351756872\/\" \/>\n<meta property=\"article:modified_time\" content=\"2021-03-24T17:51:08+00:00\" \/>\n<meta property=\"og:image\" content=\"\" \/>\n<meta name=\"twitter:label1\" content=\"Estimated reading time\" \/>\n\t<meta name=\"twitter:data1\" content=\"4 minutes\" \/>\n<script type=\"application\/ld+json\" class=\"yoast-schema-graph\">{\"@context\":\"https:\/\/schema.org\",\"@graph\":[{\"@type\":\"WebPage\",\"@id\":\"https:\/\/domaine-carriereaudier.fr\/en\/rgpd\/\",\"url\":\"https:\/\/domaine-carriereaudier.fr\/en\/rgpd\/\",\"name\":\"RGPD -\",\"isPartOf\":{\"@id\":\"https:\/\/domaine-carriereaudier.fr\/en\/#website\"},\"primaryImageOfPage\":{\"@id\":\"https:\/\/domaine-carriereaudier.fr\/en\/rgpd\/#primaryimage\"},\"image\":{\"@id\":\"https:\/\/domaine-carriereaudier.fr\/en\/rgpd\/#primaryimage\"},\"thumbnailUrl\":\"safari-extension:\/\/DB02B372-9E67-4853-8492-1FA18E4BD445\/f0d162c9\/iconGlobeBlack.png\",\"datePublished\":\"2021-03-11T15:34:19+00:00\",\"dateModified\":\"2021-03-24T17:51:08+00:00\",\"breadcrumb\":{\"@id\":\"https:\/\/domaine-carriereaudier.fr\/en\/rgpd\/#breadcrumb\"},\"inLanguage\":\"en-GB\",\"potentialAction\":[{\"@type\":\"ReadAction\",\"target\":[\"https:\/\/domaine-carriereaudier.fr\/en\/rgpd\/\"]}]},{\"@type\":\"ImageObject\",\"inLanguage\":\"en-GB\",\"@id\":\"https:\/\/domaine-carriereaudier.fr\/en\/rgpd\/#primaryimage\",\"url\":\"safari-extension:\/\/DB02B372-9E67-4853-8492-1FA18E4BD445\/f0d162c9\/iconGlobeBlack.png\",\"contentUrl\":\"safari-extension:\/\/DB02B372-9E67-4853-8492-1FA18E4BD445\/f0d162c9\/iconGlobeBlack.png\"},{\"@type\":\"BreadcrumbList\",\"@id\":\"https:\/\/domaine-carriereaudier.fr\/en\/rgpd\/#breadcrumb\",\"itemListElement\":[{\"@type\":\"ListItem\",\"position\":1,\"name\":\"Accueil\",\"item\":\"https:\/\/domaine-carriereaudier.fr\/\"},{\"@type\":\"ListItem\",\"position\":2,\"name\":\"RGPD\"}]},{\"@type\":\"WebSite\",\"@id\":\"https:\/\/domaine-carriereaudier.fr\/en\/#website\",\"url\":\"https:\/\/domaine-carriereaudier.fr\/en\/\",\"name\":\"\",\"description\":\"\",\"publisher\":{\"@id\":\"https:\/\/domaine-carriereaudier.fr\/en\/#organization\"},\"potentialAction\":[{\"@type\":\"SearchAction\",\"target\":{\"@type\":\"EntryPoint\",\"urlTemplate\":\"https:\/\/domaine-carriereaudier.fr\/en\/?s={search_term_string}\"},\"query-input\":{\"@type\":\"PropertyValueSpecification\",\"valueRequired\":true,\"valueName\":\"search_term_string\"}}],\"inLanguage\":\"en-GB\"},{\"@type\":\"Organization\",\"@id\":\"https:\/\/domaine-carriereaudier.fr\/en\/#organization\",\"name\":\"Domaine Carriere Audier\",\"url\":\"https:\/\/domaine-carriereaudier.fr\/en\/\",\"logo\":{\"@type\":\"ImageObject\",\"inLanguage\":\"en-GB\",\"@id\":\"https:\/\/domaine-carriereaudier.fr\/en\/#\/schema\/logo\/image\/\",\"url\":\"https:\/\/domaine-carriereaudier.fr\/wp-content\/uploads\/2021\/03\/Logo-CA-Recupere.jpg\",\"contentUrl\":\"https:\/\/domaine-carriereaudier.fr\/wp-content\/uploads\/2021\/03\/Logo-CA-Recupere.jpg\",\"width\":430,\"height\":512,\"caption\":\"Domaine Carriere Audier\"},\"image\":{\"@id\":\"https:\/\/domaine-carriereaudier.fr\/en\/#\/schema\/logo\/image\/\"},\"sameAs\":[\"https:\/\/fr-fr.facebook.com\/pages\/category\/Winery-Vineyard\/Domaine-Carriere-Audier-1050958351756872\/\",\"https:\/\/www.instagram.com\/domainecarriereaudier\/\"]}]}<\/script>\n<!-- \/ Yoast SEO plugin. -->","yoast_head_json":{"title":"RGPD -","robots":{"index":"index","follow":"follow","max-snippet":"max-snippet:-1","max-image-preview":"max-image-preview:large","max-video-preview":"max-video-preview:-1"},"canonical":"https:\/\/domaine-carriereaudier.fr\/en\/rgpd\/","og_locale":"en_GB","og_type":"article","og_title":"RGPD -","og_description":"R\u00e8glement G\u00e9n\u00e9ral sur la Protection des Donn\u00e9es (RGPD) La pr\u00e9sente politique de protection des donn\u00e9es \u00e0 caract\u00e8re personnel d\u00e9finit les pratiques de la soci\u00e9t\u00e9 EURL CARRIERE AUDIER\u00a0 en mati\u00e8re de protection des donn\u00e9es \u00e0 caract\u00e8re personnel susceptibles d\u2019\u00eatre collect\u00e9es sur son site Internet www.domaine-carriereaudier.fr COLLECTE DES DONN\u00c9ES \u00c0 CARACT\u00c8RE PERSONNEL VIA LE SITE INTERNET Les [&hellip;]","og_url":"https:\/\/domaine-carriereaudier.fr\/en\/rgpd\/","article_publisher":"https:\/\/fr-fr.facebook.com\/pages\/category\/Winery-Vineyard\/Domaine-Carriere-Audier-1050958351756872\/","article_modified_time":"2021-03-24T17:51:08+00:00","og_image":[{"url":"safari-extension:\/\/DB02B372-9E67-4853-8492-1FA18E4BD445\/f0d162c9\/iconGlobeBlack.png","type":"","width":"","height":""}],"twitter_misc":{"Estimated reading time":"4 minutes"},"schema":{"@context":"https:\/\/schema.org","@graph":[{"@type":"WebPage","@id":"https:\/\/domaine-carriereaudier.fr\/en\/rgpd\/","url":"https:\/\/domaine-carriereaudier.fr\/en\/rgpd\/","name":"RGPD -","isPartOf":{"@id":"https:\/\/domaine-carriereaudier.fr\/en\/#website"},"primaryImageOfPage":{"@id":"https:\/\/domaine-carriereaudier.fr\/en\/rgpd\/#primaryimage"},"image":{"@id":"https:\/\/domaine-carriereaudier.fr\/en\/rgpd\/#primaryimage"},"thumbnailUrl":"safari-extension:\/\/DB02B372-9E67-4853-8492-1FA18E4BD445\/f0d162c9\/iconGlobeBlack.png","datePublished":"2021-03-11T15:34:19+00:00","dateModified":"2021-03-24T17:51:08+00:00","breadcrumb":{"@id":"https:\/\/domaine-carriereaudier.fr\/en\/rgpd\/#breadcrumb"},"inLanguage":"en-GB","potentialAction":[{"@type":"ReadAction","target":["https:\/\/domaine-carriereaudier.fr\/en\/rgpd\/"]}]},{"@type":"ImageObject","inLanguage":"en-GB","@id":"https:\/\/domaine-carriereaudier.fr\/en\/rgpd\/#primaryimage","url":"safari-extension:\/\/DB02B372-9E67-4853-8492-1FA18E4BD445\/f0d162c9\/iconGlobeBlack.png","contentUrl":"safari-extension:\/\/DB02B372-9E67-4853-8492-1FA18E4BD445\/f0d162c9\/iconGlobeBlack.png"},{"@type":"BreadcrumbList","@id":"https:\/\/domaine-carriereaudier.fr\/en\/rgpd\/#breadcrumb","itemListElement":[{"@type":"ListItem","position":1,"name":"Accueil","item":"https:\/\/domaine-carriereaudier.fr\/"},{"@type":"ListItem","position":2,"name":"RGPD"}]},{"@type":"WebSite","@id":"https:\/\/domaine-carriereaudier.fr\/en\/#website","url":"https:\/\/domaine-carriereaudier.fr\/en\/","name":"","description":"","publisher":{"@id":"https:\/\/domaine-carriereaudier.fr\/en\/#organization"},"potentialAction":[{"@type":"SearchAction","target":{"@type":"EntryPoint","urlTemplate":"https:\/\/domaine-carriereaudier.fr\/en\/?s={search_term_string}"},"query-input":{"@type":"PropertyValueSpecification","valueRequired":true,"valueName":"search_term_string"}}],"inLanguage":"en-GB"},{"@type":"Organization","@id":"https:\/\/domaine-carriereaudier.fr\/en\/#organization","name":"Domaine Carriere Audier","url":"https:\/\/domaine-carriereaudier.fr\/en\/","logo":{"@type":"ImageObject","inLanguage":"en-GB","@id":"https:\/\/domaine-carriereaudier.fr\/en\/#\/schema\/logo\/image\/","url":"https:\/\/domaine-carriereaudier.fr\/wp-content\/uploads\/2021\/03\/Logo-CA-Recupere.jpg","contentUrl":"https:\/\/domaine-carriereaudier.fr\/wp-content\/uploads\/2021\/03\/Logo-CA-Recupere.jpg","width":430,"height":512,"caption":"Domaine Carriere Audier"},"image":{"@id":"https:\/\/domaine-carriereaudier.fr\/en\/#\/schema\/logo\/image\/"},"sameAs":["https:\/\/fr-fr.facebook.com\/pages\/category\/Winery-Vineyard\/Domaine-Carriere-Audier-1050958351756872\/","https:\/\/www.instagram.com\/domainecarriereaudier\/"]}]}},"_links":{"self":[{"href":"https:\/\/domaine-carriereaudier.fr\/en\/wp-json\/wp\/v2\/pages\/701","targetHints":{"allow":["GET"]}}],"collection":[{"href":"https:\/\/domaine-carriereaudier.fr\/en\/wp-json\/wp\/v2\/pages"}],"about":[{"href":"https:\/\/domaine-carriereaudier.fr\/en\/wp-json\/wp\/v2\/types\/page"}],"author":[{"embeddable":true,"href":"https:\/\/domaine-carriereaudier.fr\/en\/wp-json\/wp\/v2\/users\/1"}],"replies":[{"embeddable":true,"href":"https:\/\/domaine-carriereaudier.fr\/en\/wp-json\/wp\/v2\/comments?post=701"}],"version-history":[{"count":13,"href":"https:\/\/domaine-carriereaudier.fr\/en\/wp-json\/wp\/v2\/pages\/701\/revisions"}],"predecessor-version":[{"id":1033,"href":"https:\/\/domaine-carriereaudier.fr\/en\/wp-json\/wp\/v2\/pages\/701\/revisions\/1033"}],"wp:attachment":[{"href":"https:\/\/domaine-carriereaudier.fr\/en\/wp-json\/wp\/v2\/media?parent=701"}],"curies":[{"name":"wp","href":"https:\/\/api.w.org\/{rel}","templated":true}]}}