{"id":707,"date":"2021-03-11T16:38:22","date_gmt":"2021-03-11T15:38:22","guid":{"rendered":"http:\/\/domaine-carriereaudier.fr\/?page_id=707"},"modified":"2021-03-20T15:59:14","modified_gmt":"2021-03-20T14:59:14","slug":"mentions-legales","status":"publish","type":"page","link":"https:\/\/domaine-carriereaudier.fr\/en\/mentions-legales\/","title":{"rendered":"Mentions L\u00e9gales"},"content":{"rendered":"<div data-elementor-type=\"wp-page\" data-elementor-id=\"707\" class=\"elementor elementor-707\">\n\t\t\t\t\t\t\t\t\t<section class=\"elementor-section elementor-top-section elementor-element elementor-element-dce1d42 elementor-section-boxed elementor-section-height-default elementor-section-height-default\" data-id=\"dce1d42\" data-element_type=\"section\" data-settings=\"{&quot;_ha_eqh_enable&quot;:false}\">\n\t\t\t\t\t\t<div class=\"elementor-container elementor-column-gap-default\">\n\t\t\t\t\t<div class=\"elementor-column elementor-col-100 elementor-top-column elementor-element elementor-element-899c368\" data-id=\"899c368\" data-element_type=\"column\">\n\t\t\t<div class=\"elementor-widget-wrap elementor-element-populated\">\n\t\t\t\t\t\t\t\t<div class=\"elementor-element elementor-element-617b68d elementor-widget elementor-widget-heading\" data-id=\"617b68d\" data-element_type=\"widget\" data-widget_type=\"heading.default\">\n\t\t\t\t<div class=\"elementor-widget-container\">\n\t\t\t<h2 class=\"elementor-heading-title elementor-size-default\">Mentions L\u00e9gales<\/h2>\t\t<\/div>\n\t\t\t\t<\/div>\n\t\t\t\t\t<\/div>\n\t\t<\/div>\n\t\t\t\t\t\t\t<\/div>\n\t\t<\/section>\n\t\t\t\t<section class=\"elementor-section elementor-top-section elementor-element elementor-element-5c3400b elementor-section-boxed elementor-section-height-default elementor-section-height-default\" data-id=\"5c3400b\" data-element_type=\"section\" data-settings=\"{&quot;_ha_eqh_enable&quot;:false}\">\n\t\t\t\t\t\t<div class=\"elementor-container elementor-column-gap-default\">\n\t\t\t\t\t<div class=\"elementor-column elementor-col-100 elementor-top-column elementor-element elementor-element-878b4ce\" data-id=\"878b4ce\" data-element_type=\"column\">\n\t\t\t<div class=\"elementor-widget-wrap\">\n\t\t\t\t\t\t\t\t\t<\/div>\n\t\t<\/div>\n\t\t\t\t\t\t\t<\/div>\n\t\t<\/section>\n\t\t\t\t<section class=\"elementor-section elementor-top-section elementor-element elementor-element-877cec5 elementor-section-boxed elementor-section-height-default elementor-section-height-default\" data-id=\"877cec5\" data-element_type=\"section\" data-settings=\"{&quot;_ha_eqh_enable&quot;:false}\">\n\t\t\t\t\t\t<div class=\"elementor-container elementor-column-gap-default\">\n\t\t\t\t\t<div class=\"elementor-column elementor-col-100 elementor-top-column elementor-element elementor-element-516365b\" data-id=\"516365b\" data-element_type=\"column\">\n\t\t\t<div class=\"elementor-widget-wrap elementor-element-populated\">\n\t\t\t\t\t\t\t\t<div class=\"elementor-element elementor-element-ab564c7 elementor-widget elementor-widget-text-editor\" data-id=\"ab564c7\" data-element_type=\"widget\" data-widget_type=\"text-editor.default\">\n\t\t\t\t<div class=\"elementor-widget-container\">\n\t\t\t\t\t\t\t<p>INFORMATIONS G\u00c9N\u00c9RALES<\/p>\n<p>Conditions d\u2019utilisation du site&nbsp;domaine-carriereaudier.fr<\/p>\n<p><b>Editeur du site<\/b> :<\/p>\n<p>EURL&nbsp;<span style=\"font-size: 1rem;\">carriere audier<\/span><\/p>\n<p>3 route de st martin<\/p>\n<p>34390 VIEUSSAN<\/p>\n<p>SIRET :&nbsp;<\/p>\n<p><b>H\u00e9bergeur du site<\/b> :<\/p>\n<p>LWH<\/p>\n<p>10 rue de Penthi\u00e8ve<\/p>\n<p>75008 PARIS \u2013 FRANCE<\/p>\n<p><b>Directeur de publication<\/b> :<\/p>\n<p>Aur\u00e9lie AUDIER<\/p>\n<p>2. DONN\u00c9ES PERSONNELLES<\/p>\n<p>Conform\u00e9ment \u00e0 la loi Informatique et Libert\u00e9s du 6 janvier 1978, vous disposez d\u2019un droit d\u2019acc\u00e8s, de modification, de rectification et de suppression des donn\u00e9es nominatives qui vous concernent.&nbsp;Ce droit s\u2019exerce en nous \u00e9crivant par courrier \u00e9lectronique ou par voie postale \u00e0 l\u2019adresse mentionn\u00e9e ci-dessus.<\/p>\n<p>3. DROIT D\u2019AUTEUR ET PROPRI\u00c9T\u00c9 INTELLECTUELLE<\/p>\n<p>L\u2019ensemble de ce site&nbsp;domaine-carriereaudier&nbsp;est une \u0153uvre de cr\u00e9ation de la soci\u00e9t\u00e9 prot\u00e9g\u00e9e par le droit de la propri\u00e9t\u00e9 intellectuelle.&nbsp;Aucune modification de tout ou partie du contenu n\u2019est autoris\u00e9e. Sauf autorisation, la reproduction ainsi que toute utilisation du contenu du site, autre que la consultation individuelle et priv\u00e9e sont interdites.<\/p>\n<p>Le contenu du site peut faire l\u2019objet de citations limit\u00e9es \u00e0 conditions que le nom&nbsp;domaine-carriereaudier&nbsp;soit cit\u00e9 comme \u00e9tant leur auteur. L\u2019utilisateur n\u2019est pas autoris\u00e9 \u00e0 copier ou afficher tout ou partie du site en vue d\u2019un r\u00e9acheminement au profit de tiers sans l\u2019autorisation pr\u00e9alable de&nbsp;domaine-carriereaudier&nbsp;si de telles op\u00e9rations sont r\u00e9alis\u00e9es \u00e0 des fins commerciales. Le nom&nbsp;domaine-carriereaudier&nbsp;ainsi que les logos sont des noms commerciaux prot\u00e9g\u00e9s ou des marques d\u00e9pos\u00e9es, propri\u00e9t\u00e9s du&nbsp;<span style=\"font-size: 1rem;\">domaine-carriereaudier<\/span><\/p>\n<p><\/p>\t\t\t\t\t\t<\/div>\n\t\t\t\t<\/div>\n\t\t\t\t\t<\/div>\n\t\t<\/div>\n\t\t\t\t\t\t\t<\/div>\n\t\t<\/section>\n\t\t\t\t\t\t\t<\/div>","protected":false},"excerpt":{"rendered":"<p>Mentions L\u00e9gales INFORMATIONS G\u00c9N\u00c9RALES Conditions d\u2019utilisation du site&nbsp;domaine-carriereaudier.fr Editeur du site : EURL&nbsp;carriere audier 3 route de st martin 34390 VIEUSSAN SIRET :&nbsp; H\u00e9bergeur du site : LWH 10 rue de Penthi\u00e8ve 75008 PARIS \u2013 FRANCE Directeur de publication : Aur\u00e9lie AUDIER 2. DONN\u00c9ES PERSONNELLES Conform\u00e9ment \u00e0 la loi Informatique et Libert\u00e9s du 6 janvier [&hellip;]<\/p>","protected":false},"author":1,"featured_media":0,"parent":0,"menu_order":0,"comment_status":"closed","ping_status":"closed","template":"","meta":{"footnotes":""},"class_list":["post-707","page","type-page","status-publish","hentry"],"yoast_head":"<!-- This site is optimized with the Yoast SEO plugin v24.9 - https:\/\/yoast.com\/wordpress\/plugins\/seo\/ -->\n<title>Mentions L\u00e9gales -<\/title>\n<meta name=\"robots\" content=\"index, follow, max-snippet:-1, max-image-preview:large, max-video-preview:-1\" \/>\n<link rel=\"canonical\" href=\"https:\/\/domaine-carriereaudier.fr\/en\/mentions-legales\/\" \/>\n<meta property=\"og:locale\" content=\"en_GB\" \/>\n<meta property=\"og:type\" content=\"article\" \/>\n<meta property=\"og:title\" content=\"Mentions L\u00e9gales -\" \/>\n<meta property=\"og:description\" content=\"Mentions L\u00e9gales INFORMATIONS G\u00c9N\u00c9RALES Conditions d\u2019utilisation du site&nbsp;domaine-carriereaudier.fr Editeur du site : EURL&nbsp;carriere audier 3 route de st martin 34390 VIEUSSAN SIRET :&nbsp; H\u00e9bergeur du site : LWH 10 rue de Penthi\u00e8ve 75008 PARIS \u2013 FRANCE Directeur de publication : Aur\u00e9lie AUDIER 2. DONN\u00c9ES PERSONNELLES Conform\u00e9ment \u00e0 la loi Informatique et Libert\u00e9s du 6 janvier [&hellip;]\" \/>\n<meta property=\"og:url\" content=\"https:\/\/domaine-carriereaudier.fr\/en\/mentions-legales\/\" \/>\n<meta property=\"article:publisher\" content=\"https:\/\/fr-fr.facebook.com\/pages\/category\/Winery-Vineyard\/Domaine-Carriere-Audier-1050958351756872\/\" \/>\n<meta property=\"article:modified_time\" content=\"2021-03-20T14:59:14+00:00\" \/>\n<meta name=\"twitter:label1\" content=\"Estimated reading time\" \/>\n\t<meta name=\"twitter:data1\" content=\"1 minute\" \/>\n<script type=\"application\/ld+json\" class=\"yoast-schema-graph\">{\"@context\":\"https:\/\/schema.org\",\"@graph\":[{\"@type\":\"WebPage\",\"@id\":\"https:\/\/domaine-carriereaudier.fr\/en\/mentions-legales\/\",\"url\":\"https:\/\/domaine-carriereaudier.fr\/en\/mentions-legales\/\",\"name\":\"Mentions L\u00e9gales -\",\"isPartOf\":{\"@id\":\"https:\/\/domaine-carriereaudier.fr\/en\/#website\"},\"datePublished\":\"2021-03-11T15:38:22+00:00\",\"dateModified\":\"2021-03-20T14:59:14+00:00\",\"breadcrumb\":{\"@id\":\"https:\/\/domaine-carriereaudier.fr\/en\/mentions-legales\/#breadcrumb\"},\"inLanguage\":\"en-GB\",\"potentialAction\":[{\"@type\":\"ReadAction\",\"target\":[\"https:\/\/domaine-carriereaudier.fr\/en\/mentions-legales\/\"]}]},{\"@type\":\"BreadcrumbList\",\"@id\":\"https:\/\/domaine-carriereaudier.fr\/en\/mentions-legales\/#breadcrumb\",\"itemListElement\":[{\"@type\":\"ListItem\",\"position\":1,\"name\":\"Accueil\",\"item\":\"https:\/\/domaine-carriereaudier.fr\/\"},{\"@type\":\"ListItem\",\"position\":2,\"name\":\"Mentions L\u00e9gales\"}]},{\"@type\":\"WebSite\",\"@id\":\"https:\/\/domaine-carriereaudier.fr\/en\/#website\",\"url\":\"https:\/\/domaine-carriereaudier.fr\/en\/\",\"name\":\"\",\"description\":\"\",\"publisher\":{\"@id\":\"https:\/\/domaine-carriereaudier.fr\/en\/#organization\"},\"potentialAction\":[{\"@type\":\"SearchAction\",\"target\":{\"@type\":\"EntryPoint\",\"urlTemplate\":\"https:\/\/domaine-carriereaudier.fr\/en\/?s={search_term_string}\"},\"query-input\":{\"@type\":\"PropertyValueSpecification\",\"valueRequired\":true,\"valueName\":\"search_term_string\"}}],\"inLanguage\":\"en-GB\"},{\"@type\":\"Organization\",\"@id\":\"https:\/\/domaine-carriereaudier.fr\/en\/#organization\",\"name\":\"Domaine Carriere Audier\",\"url\":\"https:\/\/domaine-carriereaudier.fr\/en\/\",\"logo\":{\"@type\":\"ImageObject\",\"inLanguage\":\"en-GB\",\"@id\":\"https:\/\/domaine-carriereaudier.fr\/en\/#\/schema\/logo\/image\/\",\"url\":\"https:\/\/domaine-carriereaudier.fr\/wp-content\/uploads\/2021\/03\/Logo-CA-Recupere.jpg\",\"contentUrl\":\"https:\/\/domaine-carriereaudier.fr\/wp-content\/uploads\/2021\/03\/Logo-CA-Recupere.jpg\",\"width\":430,\"height\":512,\"caption\":\"Domaine Carriere Audier\"},\"image\":{\"@id\":\"https:\/\/domaine-carriereaudier.fr\/en\/#\/schema\/logo\/image\/\"},\"sameAs\":[\"https:\/\/fr-fr.facebook.com\/pages\/category\/Winery-Vineyard\/Domaine-Carriere-Audier-1050958351756872\/\",\"https:\/\/www.instagram.com\/domainecarriereaudier\/\"]}]}<\/script>\n<!-- \/ Yoast SEO plugin. -->","yoast_head_json":{"title":"Mentions L\u00e9gales -","robots":{"index":"index","follow":"follow","max-snippet":"max-snippet:-1","max-image-preview":"max-image-preview:large","max-video-preview":"max-video-preview:-1"},"canonical":"https:\/\/domaine-carriereaudier.fr\/en\/mentions-legales\/","og_locale":"en_GB","og_type":"article","og_title":"Mentions L\u00e9gales -","og_description":"Mentions L\u00e9gales INFORMATIONS G\u00c9N\u00c9RALES Conditions d\u2019utilisation du site&nbsp;domaine-carriereaudier.fr Editeur du site : EURL&nbsp;carriere audier 3 route de st martin 34390 VIEUSSAN SIRET :&nbsp; H\u00e9bergeur du site : LWH 10 rue de Penthi\u00e8ve 75008 PARIS \u2013 FRANCE Directeur de publication : Aur\u00e9lie AUDIER 2. DONN\u00c9ES PERSONNELLES Conform\u00e9ment \u00e0 la loi Informatique et Libert\u00e9s du 6 janvier [&hellip;]","og_url":"https:\/\/domaine-carriereaudier.fr\/en\/mentions-legales\/","article_publisher":"https:\/\/fr-fr.facebook.com\/pages\/category\/Winery-Vineyard\/Domaine-Carriere-Audier-1050958351756872\/","article_modified_time":"2021-03-20T14:59:14+00:00","twitter_misc":{"Estimated reading time":"1 minute"},"schema":{"@context":"https:\/\/schema.org","@graph":[{"@type":"WebPage","@id":"https:\/\/domaine-carriereaudier.fr\/en\/mentions-legales\/","url":"https:\/\/domaine-carriereaudier.fr\/en\/mentions-legales\/","name":"Mentions L\u00e9gales -","isPartOf":{"@id":"https:\/\/domaine-carriereaudier.fr\/en\/#website"},"datePublished":"2021-03-11T15:38:22+00:00","dateModified":"2021-03-20T14:59:14+00:00","breadcrumb":{"@id":"https:\/\/domaine-carriereaudier.fr\/en\/mentions-legales\/#breadcrumb"},"inLanguage":"en-GB","potentialAction":[{"@type":"ReadAction","target":["https:\/\/domaine-carriereaudier.fr\/en\/mentions-legales\/"]}]},{"@type":"BreadcrumbList","@id":"https:\/\/domaine-carriereaudier.fr\/en\/mentions-legales\/#breadcrumb","itemListElement":[{"@type":"ListItem","position":1,"name":"Accueil","item":"https:\/\/domaine-carriereaudier.fr\/"},{"@type":"ListItem","position":2,"name":"Mentions L\u00e9gales"}]},{"@type":"WebSite","@id":"https:\/\/domaine-carriereaudier.fr\/en\/#website","url":"https:\/\/domaine-carriereaudier.fr\/en\/","name":"","description":"","publisher":{"@id":"https:\/\/domaine-carriereaudier.fr\/en\/#organization"},"potentialAction":[{"@type":"SearchAction","target":{"@type":"EntryPoint","urlTemplate":"https:\/\/domaine-carriereaudier.fr\/en\/?s={search_term_string}"},"query-input":{"@type":"PropertyValueSpecification","valueRequired":true,"valueName":"search_term_string"}}],"inLanguage":"en-GB"},{"@type":"Organization","@id":"https:\/\/domaine-carriereaudier.fr\/en\/#organization","name":"Domaine Carriere Audier","url":"https:\/\/domaine-carriereaudier.fr\/en\/","logo":{"@type":"ImageObject","inLanguage":"en-GB","@id":"https:\/\/domaine-carriereaudier.fr\/en\/#\/schema\/logo\/image\/","url":"https:\/\/domaine-carriereaudier.fr\/wp-content\/uploads\/2021\/03\/Logo-CA-Recupere.jpg","contentUrl":"https:\/\/domaine-carriereaudier.fr\/wp-content\/uploads\/2021\/03\/Logo-CA-Recupere.jpg","width":430,"height":512,"caption":"Domaine Carriere Audier"},"image":{"@id":"https:\/\/domaine-carriereaudier.fr\/en\/#\/schema\/logo\/image\/"},"sameAs":["https:\/\/fr-fr.facebook.com\/pages\/category\/Winery-Vineyard\/Domaine-Carriere-Audier-1050958351756872\/","https:\/\/www.instagram.com\/domainecarriereaudier\/"]}]}},"_links":{"self":[{"href":"https:\/\/domaine-carriereaudier.fr\/en\/wp-json\/wp\/v2\/pages\/707","targetHints":{"allow":["GET"]}}],"collection":[{"href":"https:\/\/domaine-carriereaudier.fr\/en\/wp-json\/wp\/v2\/pages"}],"about":[{"href":"https:\/\/domaine-carriereaudier.fr\/en\/wp-json\/wp\/v2\/types\/page"}],"author":[{"embeddable":true,"href":"https:\/\/domaine-carriereaudier.fr\/en\/wp-json\/wp\/v2\/users\/1"}],"replies":[{"embeddable":true,"href":"https:\/\/domaine-carriereaudier.fr\/en\/wp-json\/wp\/v2\/comments?post=707"}],"version-history":[{"count":10,"href":"https:\/\/domaine-carriereaudier.fr\/en\/wp-json\/wp\/v2\/pages\/707\/revisions"}],"predecessor-version":[{"id":960,"href":"https:\/\/domaine-carriereaudier.fr\/en\/wp-json\/wp\/v2\/pages\/707\/revisions\/960"}],"wp:attachment":[{"href":"https:\/\/domaine-carriereaudier.fr\/en\/wp-json\/wp\/v2\/media?parent=707"}],"curies":[{"name":"wp","href":"https:\/\/api.w.org\/{rel}","templated":true}]}}